{"id":923,"date":"2026-04-10T18:51:00","date_gmt":"2026-04-10T16:51:00","guid":{"rendered":"http:\/\/www.gittas-verkstad.com\/se\/?page_id=923"},"modified":"2026-04-10T17:43:26","modified_gmt":"2026-04-10T15:43:26","slug":"integritetspolicy","status":"publish","type":"page","link":"https:\/\/www.gittas-verkstad.com\/se\/integritetspolicy\/","title":{"rendered":"Integritetspolicy"},"content":{"rendered":"<p>askyddsf\u00f6rordningen GDPR<\/p>\n<h1><strong>1.<\/strong> <strong>Insamling av information<\/strong><\/h1>\n<p>Vi samlar in information fr\u00e5n dig n\u00e4r du registrerar dig p\u00e5 v\u00e5r webbplats, loggar in p\u00e5 ditt konto, g\u00f6r ett k\u00f6p, deltar i en t\u00e4vling och\/eller n\u00e4r du loggar ut. Den insamlade informationen inkluderar ditt namn, din e-postadress, ditt telefonnummer och\/eller kreditkort.<\/p>\n<p>Dessutom tar vi automatiskt emot och sparar information fr\u00e5n din dator och webbl\u00e4sare, inklusive din IP-adress, uppgifter om programvara och h\u00e5rdvara och den beg\u00e4rda sidan.<\/p>\n<h1><strong>2. Anv\u00e4ndning av information<br \/>\n<\/strong><\/h1>\n<p>Den information vi samlar in fr\u00e5n dig kan anv\u00e4ndas f\u00f6r att:<\/p>\n<ul>\n<li>G\u00f6ra din upplevelse personlig och tillgodose dina personliga behov<\/li>\n<li>Tillhandah\u00e5lla anpassade annonser<\/li>\n<li>F\u00f6rb\u00e4ttra v\u00e5r hemsida<\/li>\n<li>F\u00f6rb\u00e4ttra v\u00e5r kundservice och ditt behov av hj\u00e4lp<\/li>\n<li>Kontakta dig via e-post<\/li>\n<li>Administrera en t\u00e4vling, ett erbjudande eller en unders\u00f6kning<\/li>\n<\/ul>\n<h1><strong>3. E-handelss\u00e4kerhet<br \/>\n<\/strong><\/h1>\n<p>Vi \u00e4r de enda som \u00e4ger informationen som samlas in p\u00e5 den h\u00e4r webbplatsen. Din personligt identifierbara information kommer inte att s\u00e4ljas, utbytas, \u00f6verf\u00f6ras eller delas vidare till n\u00e5got annat f\u00f6retag, i n\u00e5got syfte, utan ditt samtycke, f\u00f6rutom d\u00e5 s\u00e5 kr\u00e4vs f\u00f6r att uppfylla en beg\u00e4ran och\/eller \u00f6verf\u00f6ring, t.ex. f\u00f6r att skicka en best\u00e4llning.<\/p>\n<h1><strong>4. Utl\u00e4mnande till tredje part<br \/>\n<\/strong><\/h1>\n<p>Vi s\u00e4ljer, handlar, eller p\u00e5 annat s\u00e4tt \u00f6verf\u00f6r, inte personligt identifierbar information till utomst\u00e5ende parter. Detta inkluderar inte betrodd tredjepart som hj\u00e4lper oss att driva v\u00e5r webbplats eller v\u00e5rt f\u00f6retag, med kravet att dessa parter godk\u00e4nner att h\u00e5lla informationen konfidentiell.<\/p>\n<p>Vi anser att det \u00e4r n\u00f6dv\u00e4ndigt att dela information i syfte att unders\u00f6ka, f\u00f6rhindra eller vidta \u00e5tg\u00e4rder mot illegala aktiviteter, misst\u00e4nkt bedr\u00e4geri, situationer som medf\u00f6r en potentiell risk f\u00f6r en persons fysiska s\u00e4kerhet, brott mot v\u00e5ra anv\u00e4ndarvillkor eller andra tillf\u00e4llen d\u00e5 lagen kr\u00e4ver s\u00e5.<\/p>\n<p>Allm\u00e4nna uppgifter kan dock delas vidare till utomst\u00e5ende parter f\u00f6r marknadsf\u00f6ring, i annonssyfte eller andra \u00e4ndam\u00e5l.<\/p>\n<h1><strong>5. Informationsskydd<br \/>\n<\/strong><\/h1>\n<p>Vi vidtar en rad olika s\u00e4kerhets\u00e5tg\u00e4rder f\u00f6r att skydda dina personliga uppgifter. Vi anv\u00e4nder oss av avancerade krypteringsmetoder f\u00f6r att skydda k\u00e4nsliga uppgifter som \u00f6verf\u00f6rs \u00f6ver internet. VpnMentor skyddar dessutom dina uppgifter offline. Endast medarbetare som ska utr\u00e4tta ett specifikt jobb (t.ex. fakturering eller kundservice), f\u00e5r tillg\u00e5ng till personligt identifierbar information. De datorer\/servrar som anv\u00e4nds f\u00f6r att lagra personligt identifierbar information lagras i en s\u00e4ker milj\u00f6.<\/p>\n<h2><strong>Anv\u00e4nder vi oss av cookies?<\/strong><\/h2>\n<p>Ja. V\u00e5ra cookies f\u00f6rb\u00e4ttrar tillg\u00e5ngen till v\u00e5r webbplats och identifierar \u00e5terkommande bes\u00f6kare. Dessutom f\u00f6rb\u00e4ttrar v\u00e5ra cookies anv\u00e4ndarupplevelsen genom att sp\u00e5ra och m\u00e5lanpassa anv\u00e4ndarens intressen. V\u00e5r anv\u00e4ndning av cookies kopplas \u00f6ver huvud taget inte till personligt identifierbar information p\u00e5 v\u00e5r webbplats.<\/p>\n<h1><strong>6. Avsluta prenumeration<br \/>\n<\/strong><\/h1>\n<p>Vi anv\u00e4nder den e-postadress du f\u00f6rser oss med f\u00f6r att skicka information och uppdateringar som ang\u00e5r din best\u00e4llning, enstaka nyhetsbrev, relaterad produktinformation etc. Om du inte l\u00e4ngre vill ta emot s\u00e5dana meddelanden hittar du information om hur du avslutar prenumerationen i slutet av varje e-postmeddelande.<\/p>\n<h1><strong>7. Samtycke<\/strong><\/h1>\n<p>Genom att anv\u00e4nda v\u00e5r webbplats godk\u00e4nner du v\u00e5r integritetspolicy.<\/p>\n","protected":false},"excerpt":{"rendered":"<p>askyddsf\u00f6rordningen GDPR 1. Insamling av information Vi samlar in information fr\u00e5n dig n\u00e4r du registrerar dig p\u00e5 v\u00e5r webbplats, loggar in p\u00e5 ditt konto, g\u00f6r ett k\u00f6p, deltar i en t\u00e4vling och\/eller n\u00e4r du loggar ut. Den insamlade informationen inkluderar <a class=\"more-link\" href=\"https:\/\/www.gittas-verkstad.com\/se\/integritetspolicy\/\">l\u00e4s mer&#8230;<\/a><\/p>\n","protected":false},"author":1,"featured_media":0,"parent":0,"menu_order":0,"comment_status":"closed","ping_status":"closed","template":"","meta":{"footnotes":""},"class_list":["post-923","page","type-page","status-publish","hentry"],"yoast_head":"<!-- This site is optimized with the Yoast SEO plugin v27.4 - https:\/\/yoast.com\/product\/yoast-seo-wordpress\/ -->\n<title>Integritetspolicy: askyddsf\u00f6rordningen GDPR<\/title>\n<meta name=\"description\" content=\"Integritetspolicy: askyddsf\u00f6rordningen GDPR - 1. Insamling av information. Vi samlar in information fr\u00e5n dig n\u00e4r du\" \/>\n<meta name=\"robots\" content=\"index, follow, max-snippet:-1, max-image-preview:large, max-video-preview:-1\" \/>\n<link rel=\"canonical\" href=\"https:\/\/www.gittas-verkstad.com\/se\/integritetspolicy\/\" \/>\n<meta property=\"og:locale\" content=\"sv_SE\" \/>\n<meta property=\"og:type\" content=\"article\" \/>\n<meta property=\"og:title\" content=\"Integritetspolicy: askyddsf\u00f6rordningen GDPR\" \/>\n<meta property=\"og:description\" content=\"Integritetspolicy: askyddsf\u00f6rordningen GDPR - 1. Insamling av information. Vi samlar in information fr\u00e5n dig n\u00e4r du\" \/>\n<meta property=\"og:url\" content=\"https:\/\/www.gittas-verkstad.com\/se\/integritetspolicy\/\" \/>\n<meta property=\"og:site_name\" content=\"Gittas verkstad v\u00e4v, konst, design \/ se \/ Lennartsfors\" \/>\n<meta name=\"twitter:card\" content=\"summary_large_image\" \/>\n<meta name=\"twitter:label1\" content=\"Ber\u00e4knad l\u00e4stid\" \/>\n\t<meta name=\"twitter:data1\" content=\"3 minuter\" \/>\n<script type=\"application\/ld+json\" class=\"yoast-schema-graph\">{\"@context\":\"https:\\\/\\\/schema.org\",\"@graph\":[{\"@type\":\"WebPage\",\"@id\":\"https:\\\/\\\/www.gittas-verkstad.com\\\/se\\\/integritetspolicy\\\/\",\"url\":\"https:\\\/\\\/www.gittas-verkstad.com\\\/se\\\/integritetspolicy\\\/\",\"name\":\"Integritetspolicy: askyddsf\u00f6rordningen GDPR\",\"isPartOf\":{\"@id\":\"https:\\\/\\\/www.gittas-verkstad.com\\\/se\\\/#website\"},\"datePublished\":\"2026-04-10T16:51:00+00:00\",\"description\":\"Integritetspolicy: askyddsf\u00f6rordningen GDPR - 1. Insamling av information. Vi samlar in information fr\u00e5n dig n\u00e4r du\",\"breadcrumb\":{\"@id\":\"https:\\\/\\\/www.gittas-verkstad.com\\\/se\\\/integritetspolicy\\\/#breadcrumb\"},\"inLanguage\":\"sv-SE\",\"potentialAction\":[{\"@type\":\"ReadAction\",\"target\":[\"https:\\\/\\\/www.gittas-verkstad.com\\\/se\\\/integritetspolicy\\\/\"]}]},{\"@type\":\"BreadcrumbList\",\"@id\":\"https:\\\/\\\/www.gittas-verkstad.com\\\/se\\\/integritetspolicy\\\/#breadcrumb\",\"itemListElement\":[{\"@type\":\"ListItem\",\"position\":1,\"name\":\"Startseite\",\"item\":\"https:\\\/\\\/www.gittas-verkstad.com\\\/se\\\/\"},{\"@type\":\"ListItem\",\"position\":2,\"name\":\"Integritetspolicy\"}]},{\"@type\":\"WebSite\",\"@id\":\"https:\\\/\\\/www.gittas-verkstad.com\\\/se\\\/#website\",\"url\":\"https:\\\/\\\/www.gittas-verkstad.com\\\/se\\\/\",\"name\":\"Gittas verkstad v\u00e4v, konst, design \\\/ se \\\/ Lennartsfors\",\"description\":\"Gitta driver en verkstad f\u00f6r v\u00e4vning, konst och design i Lennartsfors. De handgjorda produkterna s\u00e4ljer hon i hennes galleri p\u00e5 Gjut\u00e5s vid Dalslands Kanalen.\",\"potentialAction\":[{\"@type\":\"SearchAction\",\"target\":{\"@type\":\"EntryPoint\",\"urlTemplate\":\"https:\\\/\\\/www.gittas-verkstad.com\\\/se\\\/?s={search_term_string}\"},\"query-input\":{\"@type\":\"PropertyValueSpecification\",\"valueRequired\":true,\"valueName\":\"search_term_string\"}}],\"inLanguage\":\"sv-SE\"}]}<\/script>\n<!-- \/ Yoast SEO plugin. -->","yoast_head_json":{"title":"Integritetspolicy: askyddsf\u00f6rordningen GDPR","description":"Integritetspolicy: askyddsf\u00f6rordningen GDPR - 1. Insamling av information. Vi samlar in information fr\u00e5n dig n\u00e4r du","robots":{"index":"index","follow":"follow","max-snippet":"max-snippet:-1","max-image-preview":"max-image-preview:large","max-video-preview":"max-video-preview:-1"},"canonical":"https:\/\/www.gittas-verkstad.com\/se\/integritetspolicy\/","og_locale":"sv_SE","og_type":"article","og_title":"Integritetspolicy: askyddsf\u00f6rordningen GDPR","og_description":"Integritetspolicy: askyddsf\u00f6rordningen GDPR - 1. Insamling av information. Vi samlar in information fr\u00e5n dig n\u00e4r du","og_url":"https:\/\/www.gittas-verkstad.com\/se\/integritetspolicy\/","og_site_name":"Gittas verkstad v\u00e4v, konst, design \/ se \/ Lennartsfors","twitter_card":"summary_large_image","twitter_misc":{"Ber\u00e4knad l\u00e4stid":"3 minuter"},"schema":{"@context":"https:\/\/schema.org","@graph":[{"@type":"WebPage","@id":"https:\/\/www.gittas-verkstad.com\/se\/integritetspolicy\/","url":"https:\/\/www.gittas-verkstad.com\/se\/integritetspolicy\/","name":"Integritetspolicy: askyddsf\u00f6rordningen GDPR","isPartOf":{"@id":"https:\/\/www.gittas-verkstad.com\/se\/#website"},"datePublished":"2026-04-10T16:51:00+00:00","description":"Integritetspolicy: askyddsf\u00f6rordningen GDPR - 1. Insamling av information. Vi samlar in information fr\u00e5n dig n\u00e4r du","breadcrumb":{"@id":"https:\/\/www.gittas-verkstad.com\/se\/integritetspolicy\/#breadcrumb"},"inLanguage":"sv-SE","potentialAction":[{"@type":"ReadAction","target":["https:\/\/www.gittas-verkstad.com\/se\/integritetspolicy\/"]}]},{"@type":"BreadcrumbList","@id":"https:\/\/www.gittas-verkstad.com\/se\/integritetspolicy\/#breadcrumb","itemListElement":[{"@type":"ListItem","position":1,"name":"Startseite","item":"https:\/\/www.gittas-verkstad.com\/se\/"},{"@type":"ListItem","position":2,"name":"Integritetspolicy"}]},{"@type":"WebSite","@id":"https:\/\/www.gittas-verkstad.com\/se\/#website","url":"https:\/\/www.gittas-verkstad.com\/se\/","name":"Gittas verkstad v\u00e4v, konst, design \/ se \/ Lennartsfors","description":"Gitta driver en verkstad f\u00f6r v\u00e4vning, konst och design i Lennartsfors. De handgjorda produkterna s\u00e4ljer hon i hennes galleri p\u00e5 Gjut\u00e5s vid Dalslands Kanalen.","potentialAction":[{"@type":"SearchAction","target":{"@type":"EntryPoint","urlTemplate":"https:\/\/www.gittas-verkstad.com\/se\/?s={search_term_string}"},"query-input":{"@type":"PropertyValueSpecification","valueRequired":true,"valueName":"search_term_string"}}],"inLanguage":"sv-SE"}]}},"_links":{"self":[{"href":"https:\/\/www.gittas-verkstad.com\/se\/wp-json\/wp\/v2\/pages\/923","targetHints":{"allow":["GET"]}}],"collection":[{"href":"https:\/\/www.gittas-verkstad.com\/se\/wp-json\/wp\/v2\/pages"}],"about":[{"href":"https:\/\/www.gittas-verkstad.com\/se\/wp-json\/wp\/v2\/types\/page"}],"author":[{"embeddable":true,"href":"https:\/\/www.gittas-verkstad.com\/se\/wp-json\/wp\/v2\/users\/1"}],"replies":[{"embeddable":true,"href":"https:\/\/www.gittas-verkstad.com\/se\/wp-json\/wp\/v2\/comments?post=923"}],"version-history":[{"count":8,"href":"https:\/\/www.gittas-verkstad.com\/se\/wp-json\/wp\/v2\/pages\/923\/revisions"}],"predecessor-version":[{"id":1387,"href":"https:\/\/www.gittas-verkstad.com\/se\/wp-json\/wp\/v2\/pages\/923\/revisions\/1387"}],"wp:attachment":[{"href":"https:\/\/www.gittas-verkstad.com\/se\/wp-json\/wp\/v2\/media?parent=923"}],"curies":[{"name":"wp","href":"https:\/\/api.w.org\/{rel}","templated":true}]}}