{"id":44,"date":"2026-04-10T17:50:00","date_gmt":"2026-04-10T15:50:00","guid":{"rendered":"http:\/\/www.gittas-verkstad.com\/se\/?page_id=44"},"modified":"2026-04-10T18:29:59","modified_gmt":"2026-04-10T16:29:59","slug":"44-2","status":"publish","type":"page","link":"https:\/\/www.gittas-verkstad.com\/se\/44-2\/","title":{"rendered":""},"content":{"rendered":"\n<figure class=\"wp-block-image\"><img loading=\"lazy\" decoding=\"async\" width=\"1680\" height=\"500\" src=\"https:\/\/www.gittas-verkstad.com\/de\/wp-content\/uploads\/sites\/8\/2016\/03\/website_start_wide_headline.jpg\" alt=\"Gittas verkstad\" class=\"wp-image-34\" title=\"Gittas verkstad\" srcset=\"https:\/\/www.gittas-verkstad.com\/se\/wp-content\/uploads\/sites\/12\/2016\/03\/website_start_wide_headline.jpg 1680w, https:\/\/www.gittas-verkstad.com\/se\/wp-content\/uploads\/sites\/12\/2016\/03\/website_start_wide_headline-300x89.jpg 300w, https:\/\/www.gittas-verkstad.com\/se\/wp-content\/uploads\/sites\/12\/2016\/03\/website_start_wide_headline-768x229.jpg 768w, https:\/\/www.gittas-verkstad.com\/se\/wp-content\/uploads\/sites\/12\/2016\/03\/website_start_wide_headline-1024x305.jpg 1024w\" sizes=\"auto, (max-width: 1680px) 100vw, 1680px\" \/><\/figure>\n\n\n\n<p><\/p>\n","protected":false},"excerpt":{"rendered":"","protected":false},"author":1,"featured_media":0,"parent":0,"menu_order":0,"comment_status":"closed","ping_status":"closed","template":"","meta":{"footnotes":""},"class_list":["post-44","page","type-page","status-publish","hentry"],"yoast_head":"<!-- This site is optimized with the Yoast SEO plugin v27.4 - https:\/\/yoast.com\/product\/yoast-seo-wordpress\/ -->\n<title>Gittas Verkstad v\u00e4v - konst - design<\/title>\n<meta name=\"description\" content=\"Gittas Verkstad skapas handv\u00e4vda textilier, kl\u00e4der och smycken i naturliga material \u2013 med omsorg och k\u00e4nsla f\u00f6r form och f\u00e4rg.\" \/>\n<meta name=\"robots\" content=\"index, follow, max-snippet:-1, max-image-preview:large, max-video-preview:-1\" \/>\n<link rel=\"canonical\" href=\"https:\/\/www.gittas-verkstad.com\/se\/44-2\/\" \/>\n<meta property=\"og:locale\" content=\"sv_SE\" \/>\n<meta property=\"og:type\" content=\"article\" \/>\n<meta property=\"og:title\" content=\"Gittas Verkstad v\u00e4v - konst - design\" \/>\n<meta property=\"og:description\" content=\"Gittas Verkstad skapas handv\u00e4vda textilier, kl\u00e4der och smycken i naturliga material \u2013 med omsorg och k\u00e4nsla f\u00f6r form och f\u00e4rg.\" \/>\n<meta property=\"og:url\" content=\"https:\/\/www.gittas-verkstad.com\/se\/44-2\/\" \/>\n<meta property=\"og:site_name\" content=\"Gittas verkstad v\u00e4v, konst, design \/ se \/ Lennartsfors\" \/>\n<meta property=\"article:modified_time\" content=\"2026-04-10T16:29:59+00:00\" \/>\n<meta property=\"og:image\" content=\"https:\/\/www.gittas-verkstad.com\/se\/wp-content\/uploads\/sites\/12\/2016\/03\/website_start_wide_headline.jpg\" \/>\n\t<meta property=\"og:image:width\" content=\"1680\" \/>\n\t<meta property=\"og:image:height\" content=\"500\" \/>\n\t<meta property=\"og:image:type\" content=\"image\/jpeg\" \/>\n<meta name=\"twitter:card\" content=\"summary_large_image\" \/>\n<meta name=\"twitter:label1\" content=\"Ber\u00e4knad l\u00e4stid\" \/>\n\t<meta name=\"twitter:data1\" content=\"1 minut\" \/>\n<script type=\"application\/ld+json\" class=\"yoast-schema-graph\">{\"@context\":\"https:\\\/\\\/schema.org\",\"@graph\":[{\"@type\":\"WebPage\",\"@id\":\"https:\\\/\\\/www.gittas-verkstad.com\\\/se\\\/44-2\\\/\",\"url\":\"https:\\\/\\\/www.gittas-verkstad.com\\\/se\\\/44-2\\\/\",\"name\":\"Gittas Verkstad v\u00e4v - konst - design\",\"isPartOf\":{\"@id\":\"https:\\\/\\\/www.gittas-verkstad.com\\\/se\\\/#website\"},\"primaryImageOfPage\":{\"@id\":\"https:\\\/\\\/www.gittas-verkstad.com\\\/se\\\/44-2\\\/#primaryimage\"},\"image\":{\"@id\":\"https:\\\/\\\/www.gittas-verkstad.com\\\/se\\\/44-2\\\/#primaryimage\"},\"thumbnailUrl\":\"https:\\\/\\\/www.gittas-verkstad.com\\\/de\\\/wp-content\\\/uploads\\\/sites\\\/8\\\/2016\\\/03\\\/website_start_wide_headline.jpg\",\"datePublished\":\"2026-04-10T15:50:00+00:00\",\"dateModified\":\"2026-04-10T16:29:59+00:00\",\"description\":\"Gittas Verkstad skapas handv\u00e4vda textilier, kl\u00e4der och smycken i naturliga material \u2013 med omsorg och k\u00e4nsla f\u00f6r form och f\u00e4rg.\",\"inLanguage\":\"sv-SE\",\"potentialAction\":[{\"@type\":\"ReadAction\",\"target\":[\"https:\\\/\\\/www.gittas-verkstad.com\\\/se\\\/44-2\\\/\"]}]},{\"@type\":\"ImageObject\",\"inLanguage\":\"sv-SE\",\"@id\":\"https:\\\/\\\/www.gittas-verkstad.com\\\/se\\\/44-2\\\/#primaryimage\",\"url\":\"https:\\\/\\\/www.gittas-verkstad.com\\\/de\\\/wp-content\\\/uploads\\\/sites\\\/8\\\/2016\\\/03\\\/website_start_wide_headline.jpg\",\"contentUrl\":\"https:\\\/\\\/www.gittas-verkstad.com\\\/de\\\/wp-content\\\/uploads\\\/sites\\\/8\\\/2016\\\/03\\\/website_start_wide_headline.jpg\"},{\"@type\":\"WebSite\",\"@id\":\"https:\\\/\\\/www.gittas-verkstad.com\\\/se\\\/#website\",\"url\":\"https:\\\/\\\/www.gittas-verkstad.com\\\/se\\\/\",\"name\":\"Gittas verkstad v\u00e4v, konst, design \\\/ se \\\/ Lennartsfors\",\"description\":\"Gitta driver en verkstad f\u00f6r v\u00e4vning, konst och design i Lennartsfors. De handgjorda produkterna s\u00e4ljer hon i hennes galleri p\u00e5 Gjut\u00e5s vid Dalslands Kanalen.\",\"potentialAction\":[{\"@type\":\"SearchAction\",\"target\":{\"@type\":\"EntryPoint\",\"urlTemplate\":\"https:\\\/\\\/www.gittas-verkstad.com\\\/se\\\/?s={search_term_string}\"},\"query-input\":{\"@type\":\"PropertyValueSpecification\",\"valueRequired\":true,\"valueName\":\"search_term_string\"}}],\"inLanguage\":\"sv-SE\"}]}<\/script>\n<!-- \/ Yoast SEO plugin. -->","yoast_head_json":{"title":"Gittas Verkstad v\u00e4v - konst - design","description":"Gittas Verkstad skapas handv\u00e4vda textilier, kl\u00e4der och smycken i naturliga material \u2013 med omsorg och k\u00e4nsla f\u00f6r form och f\u00e4rg.","robots":{"index":"index","follow":"follow","max-snippet":"max-snippet:-1","max-image-preview":"max-image-preview:large","max-video-preview":"max-video-preview:-1"},"canonical":"https:\/\/www.gittas-verkstad.com\/se\/44-2\/","og_locale":"sv_SE","og_type":"article","og_title":"Gittas Verkstad v\u00e4v - konst - design","og_description":"Gittas Verkstad skapas handv\u00e4vda textilier, kl\u00e4der och smycken i naturliga material \u2013 med omsorg och k\u00e4nsla f\u00f6r form och f\u00e4rg.","og_url":"https:\/\/www.gittas-verkstad.com\/se\/44-2\/","og_site_name":"Gittas verkstad v\u00e4v, konst, design \/ se \/ Lennartsfors","article_modified_time":"2026-04-10T16:29:59+00:00","og_image":[{"width":1680,"height":500,"url":"https:\/\/www.gittas-verkstad.com\/se\/wp-content\/uploads\/sites\/12\/2016\/03\/website_start_wide_headline.jpg","type":"image\/jpeg"}],"twitter_card":"summary_large_image","twitter_misc":{"Ber\u00e4knad l\u00e4stid":"1 minut"},"schema":{"@context":"https:\/\/schema.org","@graph":[{"@type":"WebPage","@id":"https:\/\/www.gittas-verkstad.com\/se\/44-2\/","url":"https:\/\/www.gittas-verkstad.com\/se\/44-2\/","name":"Gittas Verkstad v\u00e4v - konst - design","isPartOf":{"@id":"https:\/\/www.gittas-verkstad.com\/se\/#website"},"primaryImageOfPage":{"@id":"https:\/\/www.gittas-verkstad.com\/se\/44-2\/#primaryimage"},"image":{"@id":"https:\/\/www.gittas-verkstad.com\/se\/44-2\/#primaryimage"},"thumbnailUrl":"https:\/\/www.gittas-verkstad.com\/de\/wp-content\/uploads\/sites\/8\/2016\/03\/website_start_wide_headline.jpg","datePublished":"2026-04-10T15:50:00+00:00","dateModified":"2026-04-10T16:29:59+00:00","description":"Gittas Verkstad skapas handv\u00e4vda textilier, kl\u00e4der och smycken i naturliga material \u2013 med omsorg och k\u00e4nsla f\u00f6r form och f\u00e4rg.","inLanguage":"sv-SE","potentialAction":[{"@type":"ReadAction","target":["https:\/\/www.gittas-verkstad.com\/se\/44-2\/"]}]},{"@type":"ImageObject","inLanguage":"sv-SE","@id":"https:\/\/www.gittas-verkstad.com\/se\/44-2\/#primaryimage","url":"https:\/\/www.gittas-verkstad.com\/de\/wp-content\/uploads\/sites\/8\/2016\/03\/website_start_wide_headline.jpg","contentUrl":"https:\/\/www.gittas-verkstad.com\/de\/wp-content\/uploads\/sites\/8\/2016\/03\/website_start_wide_headline.jpg"},{"@type":"WebSite","@id":"https:\/\/www.gittas-verkstad.com\/se\/#website","url":"https:\/\/www.gittas-verkstad.com\/se\/","name":"Gittas verkstad v\u00e4v, konst, design \/ se \/ Lennartsfors","description":"Gitta driver en verkstad f\u00f6r v\u00e4vning, konst och design i Lennartsfors. De handgjorda produkterna s\u00e4ljer hon i hennes galleri p\u00e5 Gjut\u00e5s vid Dalslands Kanalen.","potentialAction":[{"@type":"SearchAction","target":{"@type":"EntryPoint","urlTemplate":"https:\/\/www.gittas-verkstad.com\/se\/?s={search_term_string}"},"query-input":{"@type":"PropertyValueSpecification","valueRequired":true,"valueName":"search_term_string"}}],"inLanguage":"sv-SE"}]}},"_links":{"self":[{"href":"https:\/\/www.gittas-verkstad.com\/se\/wp-json\/wp\/v2\/pages\/44","targetHints":{"allow":["GET"]}}],"collection":[{"href":"https:\/\/www.gittas-verkstad.com\/se\/wp-json\/wp\/v2\/pages"}],"about":[{"href":"https:\/\/www.gittas-verkstad.com\/se\/wp-json\/wp\/v2\/types\/page"}],"author":[{"embeddable":true,"href":"https:\/\/www.gittas-verkstad.com\/se\/wp-json\/wp\/v2\/users\/1"}],"replies":[{"embeddable":true,"href":"https:\/\/www.gittas-verkstad.com\/se\/wp-json\/wp\/v2\/comments?post=44"}],"version-history":[{"count":5,"href":"https:\/\/www.gittas-verkstad.com\/se\/wp-json\/wp\/v2\/pages\/44\/revisions"}],"predecessor-version":[{"id":2378,"href":"https:\/\/www.gittas-verkstad.com\/se\/wp-json\/wp\/v2\/pages\/44\/revisions\/2378"}],"wp:attachment":[{"href":"https:\/\/www.gittas-verkstad.com\/se\/wp-json\/wp\/v2\/media?parent=44"}],"curies":[{"name":"wp","href":"https:\/\/api.w.org\/{rel}","templated":true}]}}