{"id":27,"date":"2026-03-16T20:53:18","date_gmt":"2026-03-16T19:53:18","guid":{"rendered":"http:\/\/www.gittas-verkstad.com\/se\/?page_id=27"},"modified":"2026-04-16T17:23:23","modified_gmt":"2026-04-16T15:23:23","slug":"om-mig","status":"publish","type":"page","link":"https:\/\/www.gittas-verkstad.com\/se\/om-mig\/","title":{"rendered":"Om mig"},"content":{"rendered":"\n<p>Arbetet med tyger, f\u00e4rger och material har f\u00f6ljt mig s\u00e5 l\u00e4nge jag kan minnas och l\u00f6per som en r\u00f6d tr\u00e5d genom mitt liv. Idag skapar jag i min verkstad textila arbeten d\u00e4r hantverk, material och egna formgivningsid\u00e9er f\u00f6renas till en helhet.<\/p>\n\n\n\n<p>Jag \u00e4r f\u00f6dd och uppvuxen i Hamburg. De f\u00f6rsta trettio \u00e5ren av mitt liv bodde jag i storstaden. Min far arbetade som dekorat\u00f6r och min mor som barntr\u00e4dg\u00e5rdsl\u00e4rare. B\u00e5da gjorde mycket sj\u00e4lva \u2013 m\u00e5lade, tapetserade och sydde kl\u00e4der \u2013 och f\u00f6rde vidare sin skapargl\u00e4dje till mig.<\/p>\n\n\n\n<p>Redan som barn pysslade, m\u00e5lade och sydde jag n\u00e4stan varje dag. Mina f\u00f6r\u00e4ldrar hj\u00e4lpte mig s\u00e5 gott de kunde. Att skapa saker med h\u00e4nderna och forma dem efter egna id\u00e9er h\u00f6rde helt enkelt till v\u00e5rt liv, lika sj\u00e4lvklart som v\u00e5ra s\u00f6ndagsutflykter ut i naturen.<\/p>\n\n\n\n<p><\/p>\n\n\n<div class=\"wp-block-image\">\n<figure class=\"aligncenter size-medium is-resized\"><img loading=\"lazy\" decoding=\"async\" width=\"254\" height=\"300\" src=\"https:\/\/www.gittas-verkstad.com\/se\/wp-content\/uploads\/sites\/12\/2026\/04\/gitta-verkstad-traealgar-slipa-254x300.jpg\" alt=\"Gitta slippar tr\u00e4 \u00e4lgar ute\" class=\"wp-image-2391\" style=\"width:400px\" srcset=\"https:\/\/www.gittas-verkstad.com\/se\/wp-content\/uploads\/sites\/12\/2026\/04\/gitta-verkstad-traealgar-slipa-254x300.jpg 254w, https:\/\/www.gittas-verkstad.com\/se\/wp-content\/uploads\/sites\/12\/2026\/04\/gitta-verkstad-traealgar-slipa.jpg 649w\" sizes=\"auto, (max-width: 254px) 100vw, 254px\" \/><\/figure>\n<\/div>\n\n\n<p><\/p>\n\n\n\n<h2 class=\"wp-block-heading\">Utbilding<\/h2>\n\n\n\n<p>Efter studentexamen vid ett gymnasium med estetisk inriktning studerade jag vid Hamburgs universitet till l\u00e4rare i \u00e4mnena tyska och ekonomi. P\u00e5 grund av anst\u00e4llningssituationen fick jag v\u00e4nta tre \u00e5r p\u00e5 min l\u00e4rarpraktik innan jag kunde avsluta utbildningen med det andra statliga examen.<\/p>\n\n\n\n<p>Under denna tid uppfyllde jag ocks\u00e5 en l\u00e4nge n\u00e4rd \u00f6nskan. I den traditionsrika verkstaden hos Marie Thierfeld b\u00f6rjade jag en utbildning till handv\u00e4verska. D\u00e4r l\u00e4rde jag mig hantverket fr\u00e5n grunden och avslutade utbildningen med ges\u00e4llbrev.<\/p>\n\n\n\n<p>V\u00e4vningen har sedan dess aldrig riktigt l\u00e4mnat mig \u2013 inte ens under de \u00e5r d\u00e5 jag i mitt yrkesliv hade mindre m\u00f6jlighet att arbeta vid v\u00e4vstolen.<\/p>\n\n\n<div class=\"wp-block-image\">\n<figure class=\"aligncenter size-medium is-resized\"><img loading=\"lazy\" decoding=\"async\" width=\"226\" height=\"300\" src=\"https:\/\/www.gittas-verkstad.com\/se\/wp-content\/uploads\/sites\/12\/2026\/04\/gitta-verkstad-vid-vaevstolen-226x300.jpg\" alt=\"Gitta sittar vid v\u00e4vstolen\" class=\"wp-image-2394\" style=\"width:400px\" srcset=\"https:\/\/www.gittas-verkstad.com\/se\/wp-content\/uploads\/sites\/12\/2026\/04\/gitta-verkstad-vid-vaevstolen-226x300.jpg 226w, https:\/\/www.gittas-verkstad.com\/se\/wp-content\/uploads\/sites\/12\/2026\/04\/gitta-verkstad-vid-vaevstolen.jpg 578w\" sizes=\"auto, (max-width: 226px) 100vw, 226px\" \/><\/figure>\n<\/div>\n\n\n<h2 class=\"wp-block-heading\">Yrkesliv<\/h2>\n\n\n\n<p>Min man och jag flyttade senare med v\u00e5ra tv\u00e5 sm\u00e5 barn fr\u00e5n Hamburg till Schleswig-Holstein. I Rendsburg fick jag en tj\u00e4nst som l\u00e4rare vid ett stort yrkesutbildningscentrum i \u00e4mnena tyska samt ekonomi och politik. D\u00e4r arbetade jag engagerat fram till min pensionering.<\/p>\n\n\n\n<p>Parallellt med mitt arbete studerade jag textil och formgivning vid den pedagogiska h\u00f6gskolan i Flensburg. Jag l\u00e4rde mig ocks\u00e5 att m\u00e5la med tempera hos konstn\u00e4ren Dorothea Paulsen, en teknik som jag fortfarande g\u00e4rna anv\u00e4nder.<\/p>\n\n\n\n<h2 class=\"wp-block-heading\">I Sverige<\/h2>\n\n\n\n<p>Sedan jag avslutade mitt arbete i skolan 2011 tillbringar min man och jag en del av \u00e5ret i v\u00e5rt tidigare sommarhus i Sverige.<\/p>\n\n\n<div class=\"wp-block-image\">\n<figure class=\"aligncenter size-medium is-resized\"><img loading=\"lazy\" decoding=\"async\" width=\"239\" height=\"300\" src=\"https:\/\/www.gittas-verkstad.com\/se\/wp-content\/uploads\/sites\/12\/2026\/04\/gitta-verkstad-gjutas-239x300.jpg\" alt=\"Hus Gjut\u00e5s med bl\u00e5 d\u00f6r\" class=\"wp-image-2395\" style=\"width:400px\" srcset=\"https:\/\/www.gittas-verkstad.com\/se\/wp-content\/uploads\/sites\/12\/2026\/04\/gitta-verkstad-gjutas-239x300.jpg 239w, https:\/\/www.gittas-verkstad.com\/se\/wp-content\/uploads\/sites\/12\/2026\/04\/gitta-verkstad-gjutas.jpg 611w\" sizes=\"auto, (max-width: 239px) 100vw, 239px\" \/><\/figure>\n<\/div>\n\n\n<p>H\u00e4r uppt\u00e4ckte jag v\u00e4vningen p\u00e5 nytt. Mina arbetsb\u00f6cker, m\u00f6nsterb\u00f6cker och m\u00e5nga handv\u00e4vda prover fr\u00e5n utbildningstiden hade jag sparat i flera flyttkartonger. Jag tog fram materialet igen, och i ett uthus st\u00e4llde vi upp min v\u00e4vstol \u2013 den som min man hade byggt \u00e5t mig under min utbildning.<\/p>\n\n\n\n<p>Med tiden har ytterligare tv\u00e5 v\u00e4vstolar kommit till. I dag kan jag arbeta sj\u00e4lvst\u00e4ndigt med konstn\u00e4rligt hantverk och utveckla mina id\u00e9er direkt vid n\u00e5gon av de tre v\u00e4vstolarna.<\/p>\n\n\n\n<h2 class=\"wp-block-heading\">Gittas Verkstad<\/h2>\n\n\n\n<p>\u00c5r 2013 grundade jag, inspirerad av ett informationsm\u00f6te hos ALMI, Gittas Verkstad \u2013 v\u00e4vning, konst och design. Sedan dess arbetar jag med stor gl\u00e4dje i mitt lilla f\u00f6retag.<\/p>\n\n\n<div class=\"wp-block-image\">\n<figure class=\"aligncenter size-medium is-resized\"><img loading=\"lazy\" decoding=\"async\" width=\"300\" height=\"215\" src=\"https:\/\/www.gittas-verkstad.com\/se\/wp-content\/uploads\/sites\/12\/2026\/04\/gitta-verkstad-vaevstolar-300x215.jpg\" alt=\"Gitta st\u00e5r i sin v\u00e4vstuga\" class=\"wp-image-2398\" style=\"width:400px\" srcset=\"https:\/\/www.gittas-verkstad.com\/se\/wp-content\/uploads\/sites\/12\/2026\/04\/gitta-verkstad-vaevstolar-300x215.jpg 300w, https:\/\/www.gittas-verkstad.com\/se\/wp-content\/uploads\/sites\/12\/2026\/04\/gitta-verkstad-vaevstolar-768x551.jpg 768w, https:\/\/www.gittas-verkstad.com\/se\/wp-content\/uploads\/sites\/12\/2026\/04\/gitta-verkstad-vaevstolar.jpg 1024w\" sizes=\"auto, (max-width: 300px) 100vw, 300px\" \/><\/figure>\n<\/div>\n\n\n<p>De flesta av mina arbeten visar jag h\u00e4r p\u00e5 v\u00e5r g\u00e5rd. Varje sommar bygger jag upp en utst\u00e4llning med nya arbeten. Dessutom deltar jag i konsthantverksmarknader och utst\u00e4llningar. Vid marknaderna i v\u00e5r by \u00e4r jag ocks\u00e5 engagerad i organisationen.<\/p>\n\n\n\n<h2 class=\"wp-block-heading\">Hantverk och skapande som livsstil<\/h2>\n\n\n\n<p>F\u00f6r min man och mig har hantverk och skapande blivit en livsstil. Var och en arbetar i sin egen verkstad \u2013 min man med tr\u00e4, jag fr\u00e4mst med textil \u2013 och tillsammans kompletterar vi varandras arbete.<\/p>\n\n\n\n<p>Vi tycker om att visa v\u00e5rt hantverk f\u00f6r intresserade bes\u00f6kare och gl\u00e4der oss \u00f6ver varje g\u00e4st som hittar till v\u00e5r lilla, typiskt svenska g\u00e5rd Gjut\u00e5s, varmt v\u00e4lkommen!<\/p>\n\n\n\n<p><\/p>\n\n\n<div class=\"wp-block-image\">\n<figure class=\"aligncenter size-medium is-resized\"><img loading=\"lazy\" decoding=\"async\" width=\"259\" height=\"300\" src=\"https:\/\/www.gittas-verkstad.com\/se\/wp-content\/uploads\/sites\/12\/2026\/04\/gitta-verkstad-gitta-och-peter-259x300.jpg\" alt=\"Gitta och Peter st\u00e5r framf\u00f6r sitt hus Gjut\u00e5s\" class=\"wp-image-2400\" style=\"width:400px\" srcset=\"https:\/\/www.gittas-verkstad.com\/se\/wp-content\/uploads\/sites\/12\/2026\/04\/gitta-verkstad-gitta-och-peter-259x300.jpg 259w, https:\/\/www.gittas-verkstad.com\/se\/wp-content\/uploads\/sites\/12\/2026\/04\/gitta-verkstad-gitta-och-peter.jpg 662w\" sizes=\"auto, (max-width: 259px) 100vw, 259px\" \/><\/figure>\n<\/div>","protected":false},"excerpt":{"rendered":"<p>Arbetet med tyger, f\u00e4rger och material har f\u00f6ljt mig s\u00e5 l\u00e4nge jag kan minnas och l\u00f6per som en r\u00f6d tr\u00e5d genom mitt liv. Idag skapar jag i min verkstad textila arbeten d\u00e4r hantverk, material och egna formgivningsid\u00e9er f\u00f6renas till en <a class=\"more-link\" href=\"https:\/\/www.gittas-verkstad.com\/se\/om-mig\/\">l\u00e4s mer&#8230;<\/a><\/p>\n","protected":false},"author":1,"featured_media":1601,"parent":0,"menu_order":0,"comment_status":"closed","ping_status":"closed","template":"","meta":{"footnotes":""},"class_list":["post-27","page","type-page","status-publish","has-post-thumbnail","hentry"],"yoast_head":"<!-- This site is optimized with the Yoast SEO plugin v27.5 - https:\/\/yoast.com\/product\/yoast-seo-wordpress\/ -->\n<title>Om mig: Arbetet med tyger, f\u00e4rger och material har f\u00f6ljt mig s\u00e5<\/title>\n<meta name=\"description\" content=\"Om mig: Arbetet med tyger, f\u00e4rger och material har f\u00f6ljt mig s\u00e5 l\u00e4nge jag kan minnas och l\u00f6per som en r\u00f6d tr\u00e5d genom mitt liv.\" \/>\n<meta name=\"robots\" content=\"index, follow, max-snippet:-1, max-image-preview:large, max-video-preview:-1\" \/>\n<link rel=\"canonical\" href=\"https:\/\/www.gittas-verkstad.com\/se\/om-mig\/\" \/>\n<meta property=\"og:locale\" content=\"sv_SE\" \/>\n<meta property=\"og:type\" content=\"article\" \/>\n<meta property=\"og:title\" content=\"Om mig: Arbetet med tyger, f\u00e4rger och material har f\u00f6ljt mig s\u00e5\" \/>\n<meta property=\"og:description\" content=\"Om mig: Arbetet med tyger, f\u00e4rger och material har f\u00f6ljt mig s\u00e5 l\u00e4nge jag kan minnas och l\u00f6per som en r\u00f6d tr\u00e5d genom mitt liv.\" \/>\n<meta property=\"og:url\" content=\"https:\/\/www.gittas-verkstad.com\/se\/om-mig\/\" \/>\n<meta property=\"og:site_name\" content=\"Gittas verkstad v\u00e4v, konst, design \/ se \/ Lennartsfors\" \/>\n<meta property=\"article:modified_time\" content=\"2026-04-16T15:23:23+00:00\" \/>\n<meta property=\"og:image\" content=\"https:\/\/www.gittas-verkstad.com\/se\/wp-content\/uploads\/sites\/12\/2021\/01\/det-ar-jag-Gittas-verkstad.jpg\" \/>\n\t<meta property=\"og:image:width\" content=\"1680\" \/>\n\t<meta property=\"og:image:height\" content=\"400\" \/>\n\t<meta property=\"og:image:type\" content=\"image\/jpeg\" \/>\n<meta name=\"twitter:card\" content=\"summary_large_image\" \/>\n<meta name=\"twitter:label1\" content=\"Ber\u00e4knad l\u00e4stid\" \/>\n\t<meta name=\"twitter:data1\" content=\"4 minuter\" \/>\n<script type=\"application\/ld+json\" class=\"yoast-schema-graph\">{\"@context\":\"https:\\\/\\\/schema.org\",\"@graph\":[{\"@type\":\"WebPage\",\"@id\":\"https:\\\/\\\/www.gittas-verkstad.com\\\/se\\\/om-mig\\\/\",\"url\":\"https:\\\/\\\/www.gittas-verkstad.com\\\/se\\\/om-mig\\\/\",\"name\":\"Om mig: Arbetet med tyger, f\u00e4rger och material har f\u00f6ljt mig s\u00e5\",\"isPartOf\":{\"@id\":\"https:\\\/\\\/www.gittas-verkstad.com\\\/se\\\/#website\"},\"primaryImageOfPage\":{\"@id\":\"https:\\\/\\\/www.gittas-verkstad.com\\\/se\\\/om-mig\\\/#primaryimage\"},\"image\":{\"@id\":\"https:\\\/\\\/www.gittas-verkstad.com\\\/se\\\/om-mig\\\/#primaryimage\"},\"thumbnailUrl\":\"https:\\\/\\\/www.gittas-verkstad.com\\\/se\\\/wp-content\\\/uploads\\\/sites\\\/12\\\/2021\\\/01\\\/det-ar-jag-Gittas-verkstad.jpg\",\"datePublished\":\"2026-03-16T19:53:18+00:00\",\"dateModified\":\"2026-04-16T15:23:23+00:00\",\"description\":\"Om mig: Arbetet med tyger, f\u00e4rger och material har f\u00f6ljt mig s\u00e5 l\u00e4nge jag kan minnas och l\u00f6per som en r\u00f6d tr\u00e5d genom mitt liv.\",\"breadcrumb\":{\"@id\":\"https:\\\/\\\/www.gittas-verkstad.com\\\/se\\\/om-mig\\\/#breadcrumb\"},\"inLanguage\":\"sv-SE\",\"potentialAction\":[{\"@type\":\"ReadAction\",\"target\":[\"https:\\\/\\\/www.gittas-verkstad.com\\\/se\\\/om-mig\\\/\"]}]},{\"@type\":\"ImageObject\",\"inLanguage\":\"sv-SE\",\"@id\":\"https:\\\/\\\/www.gittas-verkstad.com\\\/se\\\/om-mig\\\/#primaryimage\",\"url\":\"https:\\\/\\\/www.gittas-verkstad.com\\\/se\\\/wp-content\\\/uploads\\\/sites\\\/12\\\/2021\\\/01\\\/det-ar-jag-Gittas-verkstad.jpg\",\"contentUrl\":\"https:\\\/\\\/www.gittas-verkstad.com\\\/se\\\/wp-content\\\/uploads\\\/sites\\\/12\\\/2021\\\/01\\\/det-ar-jag-Gittas-verkstad.jpg\",\"width\":1680,\"height\":400,\"caption\":\"det-ar-jag-Gittas-verkstad\"},{\"@type\":\"BreadcrumbList\",\"@id\":\"https:\\\/\\\/www.gittas-verkstad.com\\\/se\\\/om-mig\\\/#breadcrumb\",\"itemListElement\":[{\"@type\":\"ListItem\",\"position\":1,\"name\":\"Startseite\",\"item\":\"https:\\\/\\\/www.gittas-verkstad.com\\\/se\\\/\"},{\"@type\":\"ListItem\",\"position\":2,\"name\":\"Om mig\"}]},{\"@type\":\"WebSite\",\"@id\":\"https:\\\/\\\/www.gittas-verkstad.com\\\/se\\\/#website\",\"url\":\"https:\\\/\\\/www.gittas-verkstad.com\\\/se\\\/\",\"name\":\"Gittas verkstad v\u00e4v, konst, design \\\/ se \\\/ Lennartsfors\",\"description\":\"Gitta driver en verkstad f\u00f6r v\u00e4vning, konst och design i Lennartsfors. De handgjorda produkterna s\u00e4ljer hon i hennes galleri p\u00e5 Gjut\u00e5s vid Dalslands Kanalen.\",\"potentialAction\":[{\"@type\":\"SearchAction\",\"target\":{\"@type\":\"EntryPoint\",\"urlTemplate\":\"https:\\\/\\\/www.gittas-verkstad.com\\\/se\\\/?s={search_term_string}\"},\"query-input\":{\"@type\":\"PropertyValueSpecification\",\"valueRequired\":true,\"valueName\":\"search_term_string\"}}],\"inLanguage\":\"sv-SE\"}]}<\/script>\n<!-- \/ Yoast SEO plugin. -->","yoast_head_json":{"title":"Om mig: Arbetet med tyger, f\u00e4rger och material har f\u00f6ljt mig s\u00e5","description":"Om mig: Arbetet med tyger, f\u00e4rger och material har f\u00f6ljt mig s\u00e5 l\u00e4nge jag kan minnas och l\u00f6per som en r\u00f6d tr\u00e5d genom mitt liv.","robots":{"index":"index","follow":"follow","max-snippet":"max-snippet:-1","max-image-preview":"max-image-preview:large","max-video-preview":"max-video-preview:-1"},"canonical":"https:\/\/www.gittas-verkstad.com\/se\/om-mig\/","og_locale":"sv_SE","og_type":"article","og_title":"Om mig: Arbetet med tyger, f\u00e4rger och material har f\u00f6ljt mig s\u00e5","og_description":"Om mig: Arbetet med tyger, f\u00e4rger och material har f\u00f6ljt mig s\u00e5 l\u00e4nge jag kan minnas och l\u00f6per som en r\u00f6d tr\u00e5d genom mitt liv.","og_url":"https:\/\/www.gittas-verkstad.com\/se\/om-mig\/","og_site_name":"Gittas verkstad v\u00e4v, konst, design \/ se \/ Lennartsfors","article_modified_time":"2026-04-16T15:23:23+00:00","og_image":[{"width":1680,"height":400,"url":"https:\/\/www.gittas-verkstad.com\/se\/wp-content\/uploads\/sites\/12\/2021\/01\/det-ar-jag-Gittas-verkstad.jpg","type":"image\/jpeg"}],"twitter_card":"summary_large_image","twitter_misc":{"Ber\u00e4knad l\u00e4stid":"4 minuter"},"schema":{"@context":"https:\/\/schema.org","@graph":[{"@type":"WebPage","@id":"https:\/\/www.gittas-verkstad.com\/se\/om-mig\/","url":"https:\/\/www.gittas-verkstad.com\/se\/om-mig\/","name":"Om mig: Arbetet med tyger, f\u00e4rger och material har f\u00f6ljt mig s\u00e5","isPartOf":{"@id":"https:\/\/www.gittas-verkstad.com\/se\/#website"},"primaryImageOfPage":{"@id":"https:\/\/www.gittas-verkstad.com\/se\/om-mig\/#primaryimage"},"image":{"@id":"https:\/\/www.gittas-verkstad.com\/se\/om-mig\/#primaryimage"},"thumbnailUrl":"https:\/\/www.gittas-verkstad.com\/se\/wp-content\/uploads\/sites\/12\/2021\/01\/det-ar-jag-Gittas-verkstad.jpg","datePublished":"2026-03-16T19:53:18+00:00","dateModified":"2026-04-16T15:23:23+00:00","description":"Om mig: Arbetet med tyger, f\u00e4rger och material har f\u00f6ljt mig s\u00e5 l\u00e4nge jag kan minnas och l\u00f6per som en r\u00f6d tr\u00e5d genom mitt liv.","breadcrumb":{"@id":"https:\/\/www.gittas-verkstad.com\/se\/om-mig\/#breadcrumb"},"inLanguage":"sv-SE","potentialAction":[{"@type":"ReadAction","target":["https:\/\/www.gittas-verkstad.com\/se\/om-mig\/"]}]},{"@type":"ImageObject","inLanguage":"sv-SE","@id":"https:\/\/www.gittas-verkstad.com\/se\/om-mig\/#primaryimage","url":"https:\/\/www.gittas-verkstad.com\/se\/wp-content\/uploads\/sites\/12\/2021\/01\/det-ar-jag-Gittas-verkstad.jpg","contentUrl":"https:\/\/www.gittas-verkstad.com\/se\/wp-content\/uploads\/sites\/12\/2021\/01\/det-ar-jag-Gittas-verkstad.jpg","width":1680,"height":400,"caption":"det-ar-jag-Gittas-verkstad"},{"@type":"BreadcrumbList","@id":"https:\/\/www.gittas-verkstad.com\/se\/om-mig\/#breadcrumb","itemListElement":[{"@type":"ListItem","position":1,"name":"Startseite","item":"https:\/\/www.gittas-verkstad.com\/se\/"},{"@type":"ListItem","position":2,"name":"Om mig"}]},{"@type":"WebSite","@id":"https:\/\/www.gittas-verkstad.com\/se\/#website","url":"https:\/\/www.gittas-verkstad.com\/se\/","name":"Gittas verkstad v\u00e4v, konst, design \/ se \/ Lennartsfors","description":"Gitta driver en verkstad f\u00f6r v\u00e4vning, konst och design i Lennartsfors. De handgjorda produkterna s\u00e4ljer hon i hennes galleri p\u00e5 Gjut\u00e5s vid Dalslands Kanalen.","potentialAction":[{"@type":"SearchAction","target":{"@type":"EntryPoint","urlTemplate":"https:\/\/www.gittas-verkstad.com\/se\/?s={search_term_string}"},"query-input":{"@type":"PropertyValueSpecification","valueRequired":true,"valueName":"search_term_string"}}],"inLanguage":"sv-SE"}]}},"_links":{"self":[{"href":"https:\/\/www.gittas-verkstad.com\/se\/wp-json\/wp\/v2\/pages\/27","targetHints":{"allow":["GET"]}}],"collection":[{"href":"https:\/\/www.gittas-verkstad.com\/se\/wp-json\/wp\/v2\/pages"}],"about":[{"href":"https:\/\/www.gittas-verkstad.com\/se\/wp-json\/wp\/v2\/types\/page"}],"author":[{"embeddable":true,"href":"https:\/\/www.gittas-verkstad.com\/se\/wp-json\/wp\/v2\/users\/1"}],"replies":[{"embeddable":true,"href":"https:\/\/www.gittas-verkstad.com\/se\/wp-json\/wp\/v2\/comments?post=27"}],"version-history":[{"count":30,"href":"https:\/\/www.gittas-verkstad.com\/se\/wp-json\/wp\/v2\/pages\/27\/revisions"}],"predecessor-version":[{"id":2402,"href":"https:\/\/www.gittas-verkstad.com\/se\/wp-json\/wp\/v2\/pages\/27\/revisions\/2402"}],"wp:featuredmedia":[{"embeddable":true,"href":"https:\/\/www.gittas-verkstad.com\/se\/wp-json\/wp\/v2\/media\/1601"}],"wp:attachment":[{"href":"https:\/\/www.gittas-verkstad.com\/se\/wp-json\/wp\/v2\/media?parent=27"}],"curies":[{"name":"wp","href":"https:\/\/api.w.org\/{rel}","templated":true}]}}