{"id":18,"date":"2026-03-17T14:28:00","date_gmt":"2026-03-17T13:28:00","guid":{"rendered":"http:\/\/www.gittas-verkstad.com\/se\/?page_id=18"},"modified":"2026-03-25T19:11:30","modified_gmt":"2026-03-25T18:11:30","slug":"kontakt-gittas-verkstad","status":"publish","type":"page","link":"https:\/\/www.gittas-verkstad.com\/se\/kontakt-gittas-verkstad\/","title":{"rendered":"Kontakt &amp; \u00f6ppettider"},"content":{"rendered":"<h2>Kontakt<\/h2>\n<p>Mobil: +46 (0)73 838 56 82<br \/>E-post: <a href=\"mailto:kontakt@gittas-verkstad.com\">kontakt@gittas-verkstad.com<\/a><\/p>\n<h2>Adress<\/h2>\n<p>Gittas Verkstad<br \/>K\u00e4llsbyn Gjut\u00e5s 1<br \/>672 92 \u00c5rj\u00e4ng<\/p>\n<h2>\u00d6ppettider<\/h2>\n<p><strong>Sommar\u00f6ppettider 2026<br \/><\/strong>26 juni \u2013 12 september<\/p>\n<p>Fredag och l\u00f6rdag<br \/><strong>kl. 11.00 \u2013 17.00<\/strong><\/p>\n<p>\u00d6vriga dagar och under resten av \u00e5ret \u00e4r det b\u00e4st att ringa i f\u00f6rv\u00e4g f\u00f6r att boka en tid.<\/p>\n<h2>Hitta hit<\/h2>\n<p>Gittas Verkstad ligger p\u00e5 den lilla, idylliska g\u00e5rd Gjut\u00e5s i Lennartsfors. Orten tillh\u00f6r \u00c5rj\u00e4ngs kommun och ligger direkt vid Dalslands kanal med sin sev\u00e4rda sluss i tre steg.<\/p>\n<p>Vi bor en bit utanf\u00f6r centrum i omr\u00e5det K\u00e4llsbyn.<\/p>\n<p>Om du kommer fr\u00e5n \u00c5rj\u00e4ng hittar du g\u00e5rden Gjut\u00e5s direkt vid v\u00e4g 506, cirka tv\u00e5 kilometer s\u00f6der om slussen i Lennartsfors, strax bakom v\u00e4gskylten \u201eBengtsfors 43 km\u201c.<br \/>Fr\u00e5n Bengtsfors-h\u00e5llet n\u00e5r du oss cirka tv\u00e5 kilometer efter avtagsv\u00e4gen mot \u201eTrankils kyrka\u201c.<\/p>\n<p>Vid infarten st\u00e5r en skylt:<br \/><strong>\u201eGittas Verkstad \u2013 V\u00e4v \u00b7 Konst \u00b7 Design\u201c<\/strong><\/p>\n<p>Du \u00e4r varmt v\u00e4lkommen att bes\u00f6ka v\u00e5r lilla g\u00e5rd med Gittas Verkstad och butik.<br \/>V\u00e4lkomna!<\/p>\n\r\n            \r\n            \r\n            \r\n            <a name='map1'><\/a>\r\n            \r\n            \r\n            \r\n            \r\n            <div class=\"wpgmza_map \"  id=\"wpgmza_map_1\" style=\"display:block; overflow:auto; width:600px; height:400px; float:left;\" data-settings='{\"id\":\"1\",\"map_title\":\"Gittas verkstad\",\"map_width\":\"600\",\"map_height\":\"400\",\"map_start_lat\":\"59.501706\",\"map_start_lng\":\"12.332622\",\"map_start_location\":\"59.50170628216888,12.332622234870314\",\"map_start_zoom\":\"9\",\"default_marker\":\"0\",\"type\":\"1\",\"alignment\":\"1\",\"directions_enabled\":\"0\",\"styling_enabled\":\"0\",\"styling_json\":\"\",\"active\":\"0\",\"kml\":\"\",\"bicycle\":\"0\",\"traffic\":\"0\",\"dbox\":\"1\",\"dbox_width\":\"100\",\"listmarkers\":\"0\",\"listmarkers_advanced\":\"0\",\"filterbycat\":\"0\",\"ugm_enabled\":\"0\",\"ugm_category_enabled\":\"0\",\"fusion\":\"\",\"map_width_type\":\"px\",\"map_height_type\":\"px\",\"mass_marker_support\":\"0\",\"ugm_access\":\"0\",\"order_markers_by\":\"1\",\"order_markers_choice\":\"2\",\"show_user_location\":\"2\",\"default_to\":\"\",\"other_settings\":{\"store_locator_style\":\"legacy\",\"wpgmza_store_locator_radius_style\":\"legacy\",\"directions_box_style\":\"modern\",\"wpgmza_dbox_width_type\":\"%\",\"map_max_zoom\":\"3\",\"map_min_zoom\":\"21\",\"sl_stroke_color\":\"\",\"sl_stroke_opacity\":\"\",\"sl_fill_color\":\"\",\"sl_fill_opacity\":\"\",\"click_open_link\":2,\"transport_layer\":0,\"iw_primary_color\":\"2A3744\",\"iw_accent_color\":\"252F3A\",\"iw_text_color\":\"FFFFFF\",\"wpgmza_iw_type\":\"0\",\"list_markers_by\":\"0\",\"push_in_map\":\"\",\"push_in_map_placement\":\"9\",\"wpgmza_push_in_map_width\":\"\",\"wpgmza_push_in_map_height\":\"\",\"wpgmza_theme_data\":\"\",\"upload_default_ul_marker\":\"\",\"upload_default_sl_marker\":\"\",\"shortcodeAttributes\":{\"id\":\"1\"}}}' data-map-id='1' data-shortcode-attributes='{\"id\":\"1\"}'> <\/div>\r\n            \r\n               \r\n        \n<h1>\u00a0<\/h1>\n<h2>\u00a0<\/h2>\n<h2>\u00a0<\/h2>\n\n\n<p><\/p>\n\n\n\n<p><\/p>\n","protected":false},"excerpt":{"rendered":"<p>Kontakt Mobil: +46 (0)73 838 56 82E-post: kontakt@gittas-verkstad.com Adress Gittas VerkstadK\u00e4llsbyn Gjut\u00e5s 1672 92 \u00c5rj\u00e4ng \u00d6ppettider Sommar\u00f6ppettider 202626 juni \u2013 12 september Fredag och l\u00f6rdagkl. 11.00 \u2013 17.00 \u00d6vriga dagar och under resten av \u00e5ret \u00e4r det b\u00e4st att ringa <a class=\"more-link\" href=\"https:\/\/www.gittas-verkstad.com\/se\/kontakt-gittas-verkstad\/\">l\u00e4s mer&#8230;<\/a><\/p>\n","protected":false},"author":1,"featured_media":1879,"parent":0,"menu_order":0,"comment_status":"closed","ping_status":"closed","template":"","meta":{"footnotes":""},"class_list":["post-18","page","type-page","status-publish","has-post-thumbnail","hentry"],"yoast_head":"<!-- This site is optimized with the Yoast SEO plugin v27.4 - https:\/\/yoast.com\/product\/yoast-seo-wordpress\/ -->\n<title>Kontakt och \u00f6ppettider<\/title>\n<meta name=\"description\" content=\"Sommar\u00f6ppettider 2026: 26 juni \u2013 12 september, Fredag och l\u00f6rdag kl. 11.00 \u2013 17.00. \u00d6vriga dagar och under resten av \u00e5ret \u00e4r det b\u00e4st att\" \/>\n<meta name=\"robots\" content=\"index, follow, max-snippet:-1, max-image-preview:large, max-video-preview:-1\" \/>\n<link rel=\"canonical\" href=\"https:\/\/www.gittas-verkstad.com\/se\/kontakt-gittas-verkstad\/\" \/>\n<meta property=\"og:locale\" content=\"sv_SE\" \/>\n<meta property=\"og:type\" content=\"article\" \/>\n<meta property=\"og:title\" content=\"Kontakt och \u00f6ppettider\" \/>\n<meta property=\"og:description\" content=\"Sommar\u00f6ppettider 2026: 26 juni \u2013 12 september, Fredag och l\u00f6rdag kl. 11.00 \u2013 17.00. \u00d6vriga dagar och under resten av \u00e5ret \u00e4r det b\u00e4st att\" \/>\n<meta property=\"og:url\" content=\"https:\/\/www.gittas-verkstad.com\/se\/kontakt-gittas-verkstad\/\" \/>\n<meta property=\"og:site_name\" content=\"Gittas verkstad v\u00e4v, konst, design \/ se \/ Lennartsfors\" \/>\n<meta property=\"article:modified_time\" content=\"2026-03-25T18:11:30+00:00\" \/>\n<meta property=\"og:image\" content=\"https:\/\/www.gittas-verkstad.com\/se\/wp-content\/uploads\/sites\/12\/2023\/02\/skylt-Gittas-verkstad-vav-konst-design-och-butik.jpg\" \/>\n\t<meta property=\"og:image:width\" content=\"1680\" \/>\n\t<meta property=\"og:image:height\" content=\"401\" \/>\n\t<meta property=\"og:image:type\" content=\"image\/jpeg\" \/>\n<meta name=\"twitter:card\" content=\"summary_large_image\" \/>\n<meta name=\"twitter:label1\" content=\"Ber\u00e4knad l\u00e4stid\" \/>\n\t<meta name=\"twitter:data1\" content=\"2 minuter\" \/>\n<script type=\"application\/ld+json\" class=\"yoast-schema-graph\">{\"@context\":\"https:\\\/\\\/schema.org\",\"@graph\":[{\"@type\":\"WebPage\",\"@id\":\"https:\\\/\\\/www.gittas-verkstad.com\\\/se\\\/kontakt-gittas-verkstad\\\/\",\"url\":\"https:\\\/\\\/www.gittas-verkstad.com\\\/se\\\/kontakt-gittas-verkstad\\\/\",\"name\":\"Kontakt och \u00f6ppettider\",\"isPartOf\":{\"@id\":\"https:\\\/\\\/www.gittas-verkstad.com\\\/se\\\/#website\"},\"primaryImageOfPage\":{\"@id\":\"https:\\\/\\\/www.gittas-verkstad.com\\\/se\\\/kontakt-gittas-verkstad\\\/#primaryimage\"},\"image\":{\"@id\":\"https:\\\/\\\/www.gittas-verkstad.com\\\/se\\\/kontakt-gittas-verkstad\\\/#primaryimage\"},\"thumbnailUrl\":\"https:\\\/\\\/www.gittas-verkstad.com\\\/se\\\/wp-content\\\/uploads\\\/sites\\\/12\\\/2023\\\/02\\\/skylt-Gittas-verkstad-vav-konst-design-och-butik.jpg\",\"datePublished\":\"2026-03-17T13:28:00+00:00\",\"dateModified\":\"2026-03-25T18:11:30+00:00\",\"description\":\"Sommar\u00f6ppettider 2026: 26 juni \u2013 12 september, Fredag och l\u00f6rdag kl. 11.00 \u2013 17.00. \u00d6vriga dagar och under resten av \u00e5ret \u00e4r det b\u00e4st att\",\"breadcrumb\":{\"@id\":\"https:\\\/\\\/www.gittas-verkstad.com\\\/se\\\/kontakt-gittas-verkstad\\\/#breadcrumb\"},\"inLanguage\":\"sv-SE\",\"potentialAction\":[{\"@type\":\"ReadAction\",\"target\":[\"https:\\\/\\\/www.gittas-verkstad.com\\\/se\\\/kontakt-gittas-verkstad\\\/\"]}]},{\"@type\":\"ImageObject\",\"inLanguage\":\"sv-SE\",\"@id\":\"https:\\\/\\\/www.gittas-verkstad.com\\\/se\\\/kontakt-gittas-verkstad\\\/#primaryimage\",\"url\":\"https:\\\/\\\/www.gittas-verkstad.com\\\/se\\\/wp-content\\\/uploads\\\/sites\\\/12\\\/2023\\\/02\\\/skylt-Gittas-verkstad-vav-konst-design-och-butik.jpg\",\"contentUrl\":\"https:\\\/\\\/www.gittas-verkstad.com\\\/se\\\/wp-content\\\/uploads\\\/sites\\\/12\\\/2023\\\/02\\\/skylt-Gittas-verkstad-vav-konst-design-och-butik.jpg\",\"width\":1680,\"height\":401,\"caption\":\"skylt-Gittas-verkstad-vav-konst-design-och-butik\"},{\"@type\":\"BreadcrumbList\",\"@id\":\"https:\\\/\\\/www.gittas-verkstad.com\\\/se\\\/kontakt-gittas-verkstad\\\/#breadcrumb\",\"itemListElement\":[{\"@type\":\"ListItem\",\"position\":1,\"name\":\"Startseite\",\"item\":\"https:\\\/\\\/www.gittas-verkstad.com\\\/se\\\/\"},{\"@type\":\"ListItem\",\"position\":2,\"name\":\"Kontakt &amp; \u00f6ppettider\"}]},{\"@type\":\"WebSite\",\"@id\":\"https:\\\/\\\/www.gittas-verkstad.com\\\/se\\\/#website\",\"url\":\"https:\\\/\\\/www.gittas-verkstad.com\\\/se\\\/\",\"name\":\"Gittas verkstad v\u00e4v, konst, design \\\/ se \\\/ Lennartsfors\",\"description\":\"Gitta driver en verkstad f\u00f6r v\u00e4vning, konst och design i Lennartsfors. De handgjorda produkterna s\u00e4ljer hon i hennes galleri p\u00e5 Gjut\u00e5s vid Dalslands Kanalen.\",\"potentialAction\":[{\"@type\":\"SearchAction\",\"target\":{\"@type\":\"EntryPoint\",\"urlTemplate\":\"https:\\\/\\\/www.gittas-verkstad.com\\\/se\\\/?s={search_term_string}\"},\"query-input\":{\"@type\":\"PropertyValueSpecification\",\"valueRequired\":true,\"valueName\":\"search_term_string\"}}],\"inLanguage\":\"sv-SE\"}]}<\/script>\n<!-- \/ Yoast SEO plugin. -->","yoast_head_json":{"title":"Kontakt och \u00f6ppettider","description":"Sommar\u00f6ppettider 2026: 26 juni \u2013 12 september, Fredag och l\u00f6rdag kl. 11.00 \u2013 17.00. \u00d6vriga dagar och under resten av \u00e5ret \u00e4r det b\u00e4st att","robots":{"index":"index","follow":"follow","max-snippet":"max-snippet:-1","max-image-preview":"max-image-preview:large","max-video-preview":"max-video-preview:-1"},"canonical":"https:\/\/www.gittas-verkstad.com\/se\/kontakt-gittas-verkstad\/","og_locale":"sv_SE","og_type":"article","og_title":"Kontakt och \u00f6ppettider","og_description":"Sommar\u00f6ppettider 2026: 26 juni \u2013 12 september, Fredag och l\u00f6rdag kl. 11.00 \u2013 17.00. \u00d6vriga dagar och under resten av \u00e5ret \u00e4r det b\u00e4st att","og_url":"https:\/\/www.gittas-verkstad.com\/se\/kontakt-gittas-verkstad\/","og_site_name":"Gittas verkstad v\u00e4v, konst, design \/ se \/ Lennartsfors","article_modified_time":"2026-03-25T18:11:30+00:00","og_image":[{"width":1680,"height":401,"url":"https:\/\/www.gittas-verkstad.com\/se\/wp-content\/uploads\/sites\/12\/2023\/02\/skylt-Gittas-verkstad-vav-konst-design-och-butik.jpg","type":"image\/jpeg"}],"twitter_card":"summary_large_image","twitter_misc":{"Ber\u00e4knad l\u00e4stid":"2 minuter"},"schema":{"@context":"https:\/\/schema.org","@graph":[{"@type":"WebPage","@id":"https:\/\/www.gittas-verkstad.com\/se\/kontakt-gittas-verkstad\/","url":"https:\/\/www.gittas-verkstad.com\/se\/kontakt-gittas-verkstad\/","name":"Kontakt och \u00f6ppettider","isPartOf":{"@id":"https:\/\/www.gittas-verkstad.com\/se\/#website"},"primaryImageOfPage":{"@id":"https:\/\/www.gittas-verkstad.com\/se\/kontakt-gittas-verkstad\/#primaryimage"},"image":{"@id":"https:\/\/www.gittas-verkstad.com\/se\/kontakt-gittas-verkstad\/#primaryimage"},"thumbnailUrl":"https:\/\/www.gittas-verkstad.com\/se\/wp-content\/uploads\/sites\/12\/2023\/02\/skylt-Gittas-verkstad-vav-konst-design-och-butik.jpg","datePublished":"2026-03-17T13:28:00+00:00","dateModified":"2026-03-25T18:11:30+00:00","description":"Sommar\u00f6ppettider 2026: 26 juni \u2013 12 september, Fredag och l\u00f6rdag kl. 11.00 \u2013 17.00. \u00d6vriga dagar och under resten av \u00e5ret \u00e4r det b\u00e4st att","breadcrumb":{"@id":"https:\/\/www.gittas-verkstad.com\/se\/kontakt-gittas-verkstad\/#breadcrumb"},"inLanguage":"sv-SE","potentialAction":[{"@type":"ReadAction","target":["https:\/\/www.gittas-verkstad.com\/se\/kontakt-gittas-verkstad\/"]}]},{"@type":"ImageObject","inLanguage":"sv-SE","@id":"https:\/\/www.gittas-verkstad.com\/se\/kontakt-gittas-verkstad\/#primaryimage","url":"https:\/\/www.gittas-verkstad.com\/se\/wp-content\/uploads\/sites\/12\/2023\/02\/skylt-Gittas-verkstad-vav-konst-design-och-butik.jpg","contentUrl":"https:\/\/www.gittas-verkstad.com\/se\/wp-content\/uploads\/sites\/12\/2023\/02\/skylt-Gittas-verkstad-vav-konst-design-och-butik.jpg","width":1680,"height":401,"caption":"skylt-Gittas-verkstad-vav-konst-design-och-butik"},{"@type":"BreadcrumbList","@id":"https:\/\/www.gittas-verkstad.com\/se\/kontakt-gittas-verkstad\/#breadcrumb","itemListElement":[{"@type":"ListItem","position":1,"name":"Startseite","item":"https:\/\/www.gittas-verkstad.com\/se\/"},{"@type":"ListItem","position":2,"name":"Kontakt &amp; \u00f6ppettider"}]},{"@type":"WebSite","@id":"https:\/\/www.gittas-verkstad.com\/se\/#website","url":"https:\/\/www.gittas-verkstad.com\/se\/","name":"Gittas verkstad v\u00e4v, konst, design \/ se \/ Lennartsfors","description":"Gitta driver en verkstad f\u00f6r v\u00e4vning, konst och design i Lennartsfors. De handgjorda produkterna s\u00e4ljer hon i hennes galleri p\u00e5 Gjut\u00e5s vid Dalslands Kanalen.","potentialAction":[{"@type":"SearchAction","target":{"@type":"EntryPoint","urlTemplate":"https:\/\/www.gittas-verkstad.com\/se\/?s={search_term_string}"},"query-input":{"@type":"PropertyValueSpecification","valueRequired":true,"valueName":"search_term_string"}}],"inLanguage":"sv-SE"}]}},"_links":{"self":[{"href":"https:\/\/www.gittas-verkstad.com\/se\/wp-json\/wp\/v2\/pages\/18","targetHints":{"allow":["GET"]}}],"collection":[{"href":"https:\/\/www.gittas-verkstad.com\/se\/wp-json\/wp\/v2\/pages"}],"about":[{"href":"https:\/\/www.gittas-verkstad.com\/se\/wp-json\/wp\/v2\/types\/page"}],"author":[{"embeddable":true,"href":"https:\/\/www.gittas-verkstad.com\/se\/wp-json\/wp\/v2\/users\/1"}],"replies":[{"embeddable":true,"href":"https:\/\/www.gittas-verkstad.com\/se\/wp-json\/wp\/v2\/comments?post=18"}],"version-history":[{"count":58,"href":"https:\/\/www.gittas-verkstad.com\/se\/wp-json\/wp\/v2\/pages\/18\/revisions"}],"predecessor-version":[{"id":2334,"href":"https:\/\/www.gittas-verkstad.com\/se\/wp-json\/wp\/v2\/pages\/18\/revisions\/2334"}],"wp:featuredmedia":[{"embeddable":true,"href":"https:\/\/www.gittas-verkstad.com\/se\/wp-json\/wp\/v2\/media\/1879"}],"wp:attachment":[{"href":"https:\/\/www.gittas-verkstad.com\/se\/wp-json\/wp\/v2\/media?parent=18"}],"curies":[{"name":"wp","href":"https:\/\/api.w.org\/{rel}","templated":true}]}}