{"id":1391,"date":"2025-03-22T20:49:54","date_gmt":"2025-03-22T19:49:54","guid":{"rendered":"http:\/\/www.gittas-verkstad.com\/se\/?page_id=1391"},"modified":"2025-03-22T21:06:54","modified_gmt":"2025-03-22T20:06:54","slug":"foretagsinformation","status":"publish","type":"page","link":"https:\/\/www.gittas-verkstad.com\/se\/foretagsinformation\/","title":{"rendered":"F\u00f6retagsinformation"},"content":{"rendered":"<p>Gittas Verkstad<\/p>\n<p>K\u00e4llsbyn Gjut\u00e5s 1<br \/>\n67292 \u00c5rj\u00e4ng<br \/>\nSverige<\/p>\n<p>SE540927498101<\/p>\n<p><strong>Ansvarig: <\/strong><\/p>\n<p>Gitta Bretsch<\/p>\n<p><strong>Kontakt:<\/strong><\/p>\n<p>kontakt@gittas-verkstad.com<\/p>\n","protected":false},"excerpt":{"rendered":"<p>Gittas Verkstad K\u00e4llsbyn Gjut\u00e5s 1 67292 \u00c5rj\u00e4ng Sverige SE540927498101 Ansvarig: Gitta Bretsch Kontakt: kontakt@gittas-verkstad.com<\/p>\n","protected":false},"author":1,"featured_media":0,"parent":0,"menu_order":0,"comment_status":"closed","ping_status":"closed","template":"","meta":{"footnotes":""},"class_list":["post-1391","page","type-page","status-publish","hentry"],"yoast_head":"<!-- This site is optimized with the Yoast SEO plugin v27.4 - https:\/\/yoast.com\/product\/yoast-seo-wordpress\/ -->\n<title>Gittas Verkstad K\u00e4llsbyn Gjut\u00e5s 167292 \u00c5rj\u00e4ng Sverige<\/title>\n<meta name=\"description\" content=\"Gittas Verkstad K\u00e4llsbyn Gjut\u00e5s 167292 \u00c5rj\u00e4ng Sverige SE540927498101 Ansvarig: Gitta Bretsch Kontakt: kontakt@gittas-verkstad.com\" \/>\n<meta name=\"robots\" content=\"index, follow, max-snippet:-1, max-image-preview:large, max-video-preview:-1\" \/>\n<link rel=\"canonical\" href=\"https:\/\/www.gittas-verkstad.com\/se\/foretagsinformation\/\" \/>\n<meta property=\"og:locale\" content=\"sv_SE\" \/>\n<meta property=\"og:type\" content=\"article\" \/>\n<meta property=\"og:title\" content=\"Gittas Verkstad K\u00e4llsbyn Gjut\u00e5s 167292 \u00c5rj\u00e4ng Sverige\" \/>\n<meta property=\"og:description\" content=\"Gittas Verkstad K\u00e4llsbyn Gjut\u00e5s 167292 \u00c5rj\u00e4ng Sverige SE540927498101 Ansvarig: Gitta Bretsch Kontakt: kontakt@gittas-verkstad.com\" \/>\n<meta property=\"og:url\" content=\"https:\/\/www.gittas-verkstad.com\/se\/foretagsinformation\/\" \/>\n<meta property=\"og:site_name\" content=\"Gittas verkstad v\u00e4v, konst, design \/ se \/ Lennartsfors\" \/>\n<meta property=\"article:modified_time\" content=\"2025-03-22T20:06:54+00:00\" \/>\n<meta name=\"twitter:card\" content=\"summary_large_image\" \/>\n<meta name=\"twitter:label1\" content=\"Ber\u00e4knad l\u00e4stid\" \/>\n\t<meta name=\"twitter:data1\" content=\"1 minut\" \/>\n<script type=\"application\/ld+json\" class=\"yoast-schema-graph\">{\"@context\":\"https:\\\/\\\/schema.org\",\"@graph\":[{\"@type\":\"WebPage\",\"@id\":\"https:\\\/\\\/www.gittas-verkstad.com\\\/se\\\/foretagsinformation\\\/\",\"url\":\"https:\\\/\\\/www.gittas-verkstad.com\\\/se\\\/foretagsinformation\\\/\",\"name\":\"Gittas Verkstad K\u00e4llsbyn Gjut\u00e5s 167292 \u00c5rj\u00e4ng Sverige\",\"isPartOf\":{\"@id\":\"https:\\\/\\\/www.gittas-verkstad.com\\\/se\\\/#website\"},\"datePublished\":\"2025-03-22T19:49:54+00:00\",\"dateModified\":\"2025-03-22T20:06:54+00:00\",\"description\":\"Gittas Verkstad K\u00e4llsbyn Gjut\u00e5s 167292 \u00c5rj\u00e4ng Sverige SE540927498101 Ansvarig: Gitta Bretsch Kontakt: kontakt@gittas-verkstad.com\",\"breadcrumb\":{\"@id\":\"https:\\\/\\\/www.gittas-verkstad.com\\\/se\\\/foretagsinformation\\\/#breadcrumb\"},\"inLanguage\":\"sv-SE\",\"potentialAction\":[{\"@type\":\"ReadAction\",\"target\":[\"https:\\\/\\\/www.gittas-verkstad.com\\\/se\\\/foretagsinformation\\\/\"]}]},{\"@type\":\"BreadcrumbList\",\"@id\":\"https:\\\/\\\/www.gittas-verkstad.com\\\/se\\\/foretagsinformation\\\/#breadcrumb\",\"itemListElement\":[{\"@type\":\"ListItem\",\"position\":1,\"name\":\"Startseite\",\"item\":\"https:\\\/\\\/www.gittas-verkstad.com\\\/se\\\/\"},{\"@type\":\"ListItem\",\"position\":2,\"name\":\"F\u00f6retagsinformation\"}]},{\"@type\":\"WebSite\",\"@id\":\"https:\\\/\\\/www.gittas-verkstad.com\\\/se\\\/#website\",\"url\":\"https:\\\/\\\/www.gittas-verkstad.com\\\/se\\\/\",\"name\":\"Gittas verkstad v\u00e4v, konst, design \\\/ se \\\/ Lennartsfors\",\"description\":\"Gitta driver en verkstad f\u00f6r v\u00e4vning, konst och design i Lennartsfors. De handgjorda produkterna s\u00e4ljer hon i hennes galleri p\u00e5 Gjut\u00e5s vid Dalslands Kanalen.\",\"potentialAction\":[{\"@type\":\"SearchAction\",\"target\":{\"@type\":\"EntryPoint\",\"urlTemplate\":\"https:\\\/\\\/www.gittas-verkstad.com\\\/se\\\/?s={search_term_string}\"},\"query-input\":{\"@type\":\"PropertyValueSpecification\",\"valueRequired\":true,\"valueName\":\"search_term_string\"}}],\"inLanguage\":\"sv-SE\"}]}<\/script>\n<!-- \/ Yoast SEO plugin. -->","yoast_head_json":{"title":"Gittas Verkstad K\u00e4llsbyn Gjut\u00e5s 167292 \u00c5rj\u00e4ng Sverige","description":"Gittas Verkstad K\u00e4llsbyn Gjut\u00e5s 167292 \u00c5rj\u00e4ng Sverige SE540927498101 Ansvarig: Gitta Bretsch Kontakt: kontakt@gittas-verkstad.com","robots":{"index":"index","follow":"follow","max-snippet":"max-snippet:-1","max-image-preview":"max-image-preview:large","max-video-preview":"max-video-preview:-1"},"canonical":"https:\/\/www.gittas-verkstad.com\/se\/foretagsinformation\/","og_locale":"sv_SE","og_type":"article","og_title":"Gittas Verkstad K\u00e4llsbyn Gjut\u00e5s 167292 \u00c5rj\u00e4ng Sverige","og_description":"Gittas Verkstad K\u00e4llsbyn Gjut\u00e5s 167292 \u00c5rj\u00e4ng Sverige SE540927498101 Ansvarig: Gitta Bretsch Kontakt: kontakt@gittas-verkstad.com","og_url":"https:\/\/www.gittas-verkstad.com\/se\/foretagsinformation\/","og_site_name":"Gittas verkstad v\u00e4v, konst, design \/ se \/ Lennartsfors","article_modified_time":"2025-03-22T20:06:54+00:00","twitter_card":"summary_large_image","twitter_misc":{"Ber\u00e4knad l\u00e4stid":"1 minut"},"schema":{"@context":"https:\/\/schema.org","@graph":[{"@type":"WebPage","@id":"https:\/\/www.gittas-verkstad.com\/se\/foretagsinformation\/","url":"https:\/\/www.gittas-verkstad.com\/se\/foretagsinformation\/","name":"Gittas Verkstad K\u00e4llsbyn Gjut\u00e5s 167292 \u00c5rj\u00e4ng Sverige","isPartOf":{"@id":"https:\/\/www.gittas-verkstad.com\/se\/#website"},"datePublished":"2025-03-22T19:49:54+00:00","dateModified":"2025-03-22T20:06:54+00:00","description":"Gittas Verkstad K\u00e4llsbyn Gjut\u00e5s 167292 \u00c5rj\u00e4ng Sverige SE540927498101 Ansvarig: Gitta Bretsch Kontakt: kontakt@gittas-verkstad.com","breadcrumb":{"@id":"https:\/\/www.gittas-verkstad.com\/se\/foretagsinformation\/#breadcrumb"},"inLanguage":"sv-SE","potentialAction":[{"@type":"ReadAction","target":["https:\/\/www.gittas-verkstad.com\/se\/foretagsinformation\/"]}]},{"@type":"BreadcrumbList","@id":"https:\/\/www.gittas-verkstad.com\/se\/foretagsinformation\/#breadcrumb","itemListElement":[{"@type":"ListItem","position":1,"name":"Startseite","item":"https:\/\/www.gittas-verkstad.com\/se\/"},{"@type":"ListItem","position":2,"name":"F\u00f6retagsinformation"}]},{"@type":"WebSite","@id":"https:\/\/www.gittas-verkstad.com\/se\/#website","url":"https:\/\/www.gittas-verkstad.com\/se\/","name":"Gittas verkstad v\u00e4v, konst, design \/ se \/ Lennartsfors","description":"Gitta driver en verkstad f\u00f6r v\u00e4vning, konst och design i Lennartsfors. De handgjorda produkterna s\u00e4ljer hon i hennes galleri p\u00e5 Gjut\u00e5s vid Dalslands Kanalen.","potentialAction":[{"@type":"SearchAction","target":{"@type":"EntryPoint","urlTemplate":"https:\/\/www.gittas-verkstad.com\/se\/?s={search_term_string}"},"query-input":{"@type":"PropertyValueSpecification","valueRequired":true,"valueName":"search_term_string"}}],"inLanguage":"sv-SE"}]}},"_links":{"self":[{"href":"https:\/\/www.gittas-verkstad.com\/se\/wp-json\/wp\/v2\/pages\/1391","targetHints":{"allow":["GET"]}}],"collection":[{"href":"https:\/\/www.gittas-verkstad.com\/se\/wp-json\/wp\/v2\/pages"}],"about":[{"href":"https:\/\/www.gittas-verkstad.com\/se\/wp-json\/wp\/v2\/types\/page"}],"author":[{"embeddable":true,"href":"https:\/\/www.gittas-verkstad.com\/se\/wp-json\/wp\/v2\/users\/1"}],"replies":[{"embeddable":true,"href":"https:\/\/www.gittas-verkstad.com\/se\/wp-json\/wp\/v2\/comments?post=1391"}],"version-history":[{"count":3,"href":"https:\/\/www.gittas-verkstad.com\/se\/wp-json\/wp\/v2\/pages\/1391\/revisions"}],"predecessor-version":[{"id":1395,"href":"https:\/\/www.gittas-verkstad.com\/se\/wp-json\/wp\/v2\/pages\/1391\/revisions\/1395"}],"wp:attachment":[{"href":"https:\/\/www.gittas-verkstad.com\/se\/wp-json\/wp\/v2\/media?parent=1391"}],"curies":[{"name":"wp","href":"https:\/\/api.w.org\/{rel}","templated":true}]}}