{"id":27,"date":"2026-03-15T21:10:04","date_gmt":"2026-03-15T20:10:04","guid":{"rendered":"http:\/\/www.gittas-verkstad.com\/de\/?page_id=27"},"modified":"2026-04-15T18:40:33","modified_gmt":"2026-04-15T16:40:33","slug":"ueber-mich","status":"publish","type":"page","link":"https:\/\/www.gittas-verkstad.com\/de\/ueber-mich\/","title":{"rendered":"\u00dcber mich"},"content":{"rendered":"\n<p>Das Arbeiten mit Stoffen, Farben und Materialien begleitet mich, seit ich denken kann und durchzieht mein Leben wie ein roter Faden. In meiner Werkstatt in Schweden enstehen heute textile Arbeiten, in denen sich Handwerk, ausgew\u00e4hltes Material und eigene gestalterische Ideen verbinden.<\/p>\n\n\n\n<p>Ich bin in Hamburg geboren und aufgewachsen. Die ersten drei\u00dfig Jahre meines Lebens verbrachte ich in der Gro\u00dfstadt. Mein Vater arbeitete als Dekorateur, meine Mutter als Kinderg\u00e4rtnerin. Meine Eltern gestalteten vieles selbst. Malen, Tapezieren und das N\u00e4hen von Kleidung geh\u00f6rte zu ihrem Leben dazu. Dieses gaben sie nur zu gerne an mich weiter.<br><br>Schon als Kind bastelte, malte und n\u00e4hte ich fast t\u00e4glich. Meine Eltern halfen mir so gut sie konnten. Dinge mit den H\u00e4nden zu schaffen und nach eigenen Vorstellungen zu gestalten h\u00f6rte zu unserem Leben einfach dazu, bzw. war ein Teil unseres Lebens, genauso wie der sonnt\u00e4gliche Ausflug ins Gr\u00fcne.<\/p>\n\n\n\n<p><\/p>\n\n\n\n<p><\/p>\n\n\n<div class=\"wp-block-image\">\n<figure class=\"aligncenter size-medium is-resized\"><img loading=\"lazy\" decoding=\"async\" width=\"254\" height=\"300\" src=\"https:\/\/www.gittas-verkstad.com\/de\/wp-content\/uploads\/sites\/8\/2026\/04\/gitta-verkstad-holzelche-schleifen-1-254x300.jpg\" alt=\"Gitta sitzt am Tisch und schleift Elche aus Holz\" class=\"wp-image-2851\" style=\"width:400px\" srcset=\"https:\/\/www.gittas-verkstad.com\/de\/wp-content\/uploads\/sites\/8\/2026\/04\/gitta-verkstad-holzelche-schleifen-1-254x300.jpg 254w, https:\/\/www.gittas-verkstad.com\/de\/wp-content\/uploads\/sites\/8\/2026\/04\/gitta-verkstad-holzelche-schleifen-1.jpg 649w\" sizes=\"auto, (max-width: 254px) 100vw, 254px\" \/><\/figure>\n<\/div>\n\n\n<p><\/p>\n\n\n\n<p><\/p>\n\n\n\n<h2 class=\"wp-block-heading\">Ausbildung<\/h2>\n\n\n\n<p>Nach dem Abitur an einem musisch ausgerichteten Gymnasium absolvierte ich an der Universit\u00e4t Hamburg ein Studium f\u00fcr das H\u00f6here Lehramt mit den F\u00e4chern Deutsch und Wirtschaft. Aufgrund der Einstellungssituation wartete ich drei Jahre auf das Referendariat, um meine Ausbildung danach mit dem zweiten Staatsexamen abzuschlie\u00dfen.<br><br>Diese Zeit nutzte ich f\u00fcr einen lang gehegten Wunsch. In der traditionsreichen Werkstatt von Marie Thierfeld begann ich eine Ausbildung zur Handweberin. Dort lernte ich das Handwerk von Grund auf und schloss die Ausbildung mit dem Gesellenbrief ab.<br><br>Auch sp\u00e4ter lie\u00df mich das Weben nie ganz los \u2013 selbst dann nicht, als ich es w\u00e4hrend meiner beruflichen T\u00e4tigkeit kaum aus\u00fcben konnte.<\/p>\n\n\n\n<p><\/p>\n\n\n<div class=\"wp-block-image\">\n<figure class=\"aligncenter size-medium is-resized\"><img loading=\"lazy\" decoding=\"async\" width=\"226\" height=\"300\" src=\"https:\/\/www.gittas-verkstad.com\/de\/wp-content\/uploads\/sites\/8\/2026\/04\/gitta-verkstad-am-webstuhl-1-226x300.jpg\" alt=\"Gitta sitzt am Webstuhl\" class=\"wp-image-2854\" style=\"width:400px\" srcset=\"https:\/\/www.gittas-verkstad.com\/de\/wp-content\/uploads\/sites\/8\/2026\/04\/gitta-verkstad-am-webstuhl-1-226x300.jpg 226w, https:\/\/www.gittas-verkstad.com\/de\/wp-content\/uploads\/sites\/8\/2026\/04\/gitta-verkstad-am-webstuhl-1.jpg 578w\" sizes=\"auto, (max-width: 226px) 100vw, 226px\" \/><\/figure>\n<\/div>\n\n\n<p><\/p>\n\n\n\n<h2 class=\"wp-block-heading\">Berufst\u00e4tigkeit<\/h2>\n\n\n\n<p>Von Hamburg zogen mein Mann und ich mit unseren zwei kleinen Kindern nach Schleswig-Holstein. In Rendsburg bekam ich an einem gro\u00dfen Berufsbildungszentrum eine Stelle als Lehrerin in den F\u00e4chern Deutsch und Wirtschaft\/Politik. Dort arbeitete ich mit viel Engagement als Lehrerin bis zum Eintritt in den Ruhestand.<br><br>Parallel zu meiner Berufst\u00e4tigkeit studierte ich an der P\u00e4dagogischen Hochschule in Flensburg das Fach Textil und Gestaltung. Zudem erlernte ich bei der K\u00fcnstlerin Dorothea Paulsen das Malen mit Tempera, das ich auch heute noch gerne aus\u00fcbe.<\/p>\n\n\n\n<h2 class=\"wp-block-heading\">In Schweden<\/h2>\n\n\n\n<p>Seit 2011 verbringen mein Mann und ich einen Teil des Jahres in unserem ehemaligen Ferienhaus in Schweden.<\/p>\n\n\n\n<p><\/p>\n\n\n<div class=\"wp-block-image\">\n<figure class=\"aligncenter size-medium is-resized\"><img loading=\"lazy\" decoding=\"async\" width=\"239\" height=\"300\" src=\"https:\/\/www.gittas-verkstad.com\/de\/wp-content\/uploads\/sites\/8\/2026\/04\/gitta-verkstad-haus-gjutas-239x300.jpg\" alt=\"Unser Haus Gjutas mit blauer T\u00fcr\" class=\"wp-image-2859\" style=\"width:400px\" srcset=\"https:\/\/www.gittas-verkstad.com\/de\/wp-content\/uploads\/sites\/8\/2026\/04\/gitta-verkstad-haus-gjutas-239x300.jpg 239w, https:\/\/www.gittas-verkstad.com\/de\/wp-content\/uploads\/sites\/8\/2026\/04\/gitta-verkstad-haus-gjutas.jpg 611w\" sizes=\"auto, (max-width: 239px) 100vw, 239px\" \/><\/figure>\n<\/div>\n\n\n<p><\/p>\n\n\n\n<p><\/p>\n\n\n\n<p>Endlich konnte ich mich nun mit voller Hingabe dem Weben widmen. Meine Berichtshefte, Musterb\u00fccher und viele handgewebte St\u00fccke aus der Ausbildungszeit hatte ich In mehreren Umzugskartons aufbewahrt. Ich holte all die Unterlagen und Webmuster wieder hervor. Und in einem bisher ungenutzten Nebengeb\u00e4ude stellten wir meinen Webstuhl auf, den mir mein Mann zur Zeit meiner Ausbildung selber gebaut hatte.<br><br>Zwei weitere Webst\u00fchle kamen hinzu und nun kann ich eigenst\u00e4ndig kunsthandwerklich arbeiten und meine Ideen direkt an einem der drei Webst\u00fchle umsetzen.<\/p>\n\n\n\n<h2 class=\"wp-block-heading\">Gr\u00fcndung von Gittas Verkstad<\/h2>\n\n\n\n<p>2013 gr\u00fcndete ich angeregt durch eine Informationsveranstaltung von ALMI Gittas Verkstad \u2013 Weben, Kunst und Design. Seitdem arbeite ich mit gro\u00dfer Freude in meinem kleinen Unternehmen.<br><\/p>\n\n\n<div class=\"wp-block-image\">\n<figure class=\"aligncenter size-medium is-resized\"><img loading=\"lazy\" decoding=\"async\" width=\"300\" height=\"215\" src=\"https:\/\/www.gittas-verkstad.com\/de\/wp-content\/uploads\/sites\/8\/2026\/04\/gitta-in-ihrer-werkstatt-300x215.jpg\" alt=\"Gitta steht vor zwei Webst\u00fchlen in ihrer Werkstatt\" class=\"wp-image-2861\" style=\"width:500px\" srcset=\"https:\/\/www.gittas-verkstad.com\/de\/wp-content\/uploads\/sites\/8\/2026\/04\/gitta-in-ihrer-werkstatt-300x215.jpg 300w, https:\/\/www.gittas-verkstad.com\/de\/wp-content\/uploads\/sites\/8\/2026\/04\/gitta-in-ihrer-werkstatt.jpg 700w\" sizes=\"auto, (max-width: 300px) 100vw, 300px\" \/><\/figure>\n<\/div>\n\n\n<p><br>Die meisten meiner Arbeiten zeige hier auf unserem Hof. Jeden Sommer baue ich eine Ausstellung mit neuen Exponaten auf. Nebenbei nehme ich an Kunsthandwerkerm\u00e4rkten und Ausstellungen teil.<br>Bei den M\u00e4rkten in unserem Dorf bin ich auch an der Organisation beteiligt.<\/p>\n\n\n\n<h2 class=\"wp-block-heading\">Handwerk und Gestalten als Lebensstil<\/h2>\n\n\n\n<p>F\u00fcr meinen Mann und mich ist das handwerkliche und gestalterische Arbeiten zu einem Lebensstil geworden. Jeder arbeitet in seiner eigenen Werkstatt &#8211; mein Mann mit Holz, ich vorwiegend mit Textil und gemeinsam erg\u00e4nzen wir uns in unseren Arbeiten.<br><br>Wir lieben es, unser Handwerk interessierten Besuchern nahe zu bringen und freuen uns \u00fcber jeden Gast, der zu uns auf unseren kleinen typisch schwedischen Hof Gjut\u00e5s kommt &#8211; willkommen!<\/p>\n\n\n\n<p><\/p>\n\n\n<div class=\"wp-block-image\">\n<figure class=\"aligncenter size-medium is-resized\"><img loading=\"lazy\" decoding=\"async\" width=\"259\" height=\"300\" src=\"https:\/\/www.gittas-verkstad.com\/de\/wp-content\/uploads\/sites\/8\/2026\/04\/gitta-verkstad-gitta-und-peter-259x300.jpg\" alt=\"Gitta und Peter stehen vor ihrem Haus Gjut\u00e5s\" class=\"wp-image-2865\" style=\"width:400px\" srcset=\"https:\/\/www.gittas-verkstad.com\/de\/wp-content\/uploads\/sites\/8\/2026\/04\/gitta-verkstad-gitta-und-peter-259x300.jpg 259w, https:\/\/www.gittas-verkstad.com\/de\/wp-content\/uploads\/sites\/8\/2026\/04\/gitta-verkstad-gitta-und-peter.jpg 662w\" sizes=\"auto, (max-width: 259px) 100vw, 259px\" \/><\/figure>\n<\/div>\n\n\n<p><\/p>\n","protected":false},"excerpt":{"rendered":"<p>Das Arbeiten mit Stoffen, Farben und Materialien begleitet mich, seit ich denken kann und durchzieht mein Leben wie ein roter Faden. In meiner Werkstatt in Schweden enstehen heute textile Arbeiten, in denen sich Handwerk, ausgew\u00e4hltes Material und eigene gestalterische Ideen <a class=\"more-link\" href=\"https:\/\/www.gittas-verkstad.com\/de\/ueber-mich\/\">weiterlesen&#8230;<\/a><\/p>\n","protected":false},"author":1,"featured_media":1901,"parent":0,"menu_order":0,"comment_status":"closed","ping_status":"closed","template":"","meta":{"footnotes":""},"class_list":["post-27","page","type-page","status-publish","has-post-thumbnail","hentry"],"yoast_head":"<!-- This site is optimized with the Yoast SEO plugin v27.6 - https:\/\/yoast.com\/product\/yoast-seo-wordpress\/ -->\n<title>\u00dcber mich: Das Arbeiten mit Stoffen, Farben und Materialien<\/title>\n<meta name=\"description\" content=\"\u00dcber mich: Das Arbeiten mit Stoffen, Farben und Materialien begleitet mich, seit ich denken kann und durchzieht mein Leben wie ein roter\" \/>\n<meta name=\"robots\" content=\"index, follow, max-snippet:-1, max-image-preview:large, max-video-preview:-1\" \/>\n<link rel=\"canonical\" href=\"https:\/\/www.gittas-verkstad.com\/de\/ueber-mich\/\" \/>\n<meta property=\"og:locale\" content=\"de_DE\" \/>\n<meta property=\"og:type\" content=\"article\" \/>\n<meta property=\"og:title\" content=\"\u00dcber mich: Das Arbeiten mit Stoffen, Farben und Materialien\" \/>\n<meta property=\"og:description\" content=\"\u00dcber mich: Das Arbeiten mit Stoffen, Farben und Materialien begleitet mich, seit ich denken kann und durchzieht mein Leben wie ein roter\" \/>\n<meta property=\"og:url\" content=\"https:\/\/www.gittas-verkstad.com\/de\/ueber-mich\/\" \/>\n<meta property=\"og:site_name\" content=\"Gittas verkstad Weben, Kunst, Design \/ de \/ Lennartsfors\" \/>\n<meta property=\"article:publisher\" content=\"https:\/\/www.facebook.com\/gittasverkstad\/\" \/>\n<meta property=\"article:modified_time\" content=\"2026-04-15T16:40:33+00:00\" \/>\n<meta property=\"og:image\" content=\"https:\/\/www.gittas-verkstad.com\/de\/wp-content\/uploads\/sites\/8\/2021\/01\/das-bin-ich-Gittas-verkstad.jpg\" \/>\n\t<meta property=\"og:image:width\" content=\"1680\" \/>\n\t<meta property=\"og:image:height\" content=\"400\" \/>\n\t<meta property=\"og:image:type\" content=\"image\/jpeg\" \/>\n<meta name=\"twitter:card\" content=\"summary_large_image\" \/>\n<meta name=\"twitter:label1\" content=\"Gesch\u00e4tzte Lesezeit\" \/>\n\t<meta name=\"twitter:data1\" content=\"5\u00a0Minuten\" \/>\n<script type=\"application\/ld+json\" class=\"yoast-schema-graph\">{\"@context\":\"https:\\\/\\\/schema.org\",\"@graph\":[{\"@type\":\"WebPage\",\"@id\":\"https:\\\/\\\/www.gittas-verkstad.com\\\/de\\\/ueber-mich\\\/\",\"url\":\"https:\\\/\\\/www.gittas-verkstad.com\\\/de\\\/ueber-mich\\\/\",\"name\":\"\u00dcber mich: Das Arbeiten mit Stoffen, Farben und Materialien\",\"isPartOf\":{\"@id\":\"https:\\\/\\\/www.gittas-verkstad.com\\\/de\\\/#website\"},\"primaryImageOfPage\":{\"@id\":\"https:\\\/\\\/www.gittas-verkstad.com\\\/de\\\/ueber-mich\\\/#primaryimage\"},\"image\":{\"@id\":\"https:\\\/\\\/www.gittas-verkstad.com\\\/de\\\/ueber-mich\\\/#primaryimage\"},\"thumbnailUrl\":\"https:\\\/\\\/www.gittas-verkstad.com\\\/de\\\/wp-content\\\/uploads\\\/sites\\\/8\\\/2021\\\/01\\\/das-bin-ich-Gittas-verkstad.jpg\",\"datePublished\":\"2026-03-15T20:10:04+00:00\",\"dateModified\":\"2026-04-15T16:40:33+00:00\",\"description\":\"\u00dcber mich: Das Arbeiten mit Stoffen, Farben und Materialien begleitet mich, seit ich denken kann und durchzieht mein Leben wie ein roter\",\"breadcrumb\":{\"@id\":\"https:\\\/\\\/www.gittas-verkstad.com\\\/de\\\/ueber-mich\\\/#breadcrumb\"},\"inLanguage\":\"de\",\"potentialAction\":[{\"@type\":\"ReadAction\",\"target\":[\"https:\\\/\\\/www.gittas-verkstad.com\\\/de\\\/ueber-mich\\\/\"]}]},{\"@type\":\"ImageObject\",\"inLanguage\":\"de\",\"@id\":\"https:\\\/\\\/www.gittas-verkstad.com\\\/de\\\/ueber-mich\\\/#primaryimage\",\"url\":\"https:\\\/\\\/www.gittas-verkstad.com\\\/de\\\/wp-content\\\/uploads\\\/sites\\\/8\\\/2021\\\/01\\\/das-bin-ich-Gittas-verkstad.jpg\",\"contentUrl\":\"https:\\\/\\\/www.gittas-verkstad.com\\\/de\\\/wp-content\\\/uploads\\\/sites\\\/8\\\/2021\\\/01\\\/das-bin-ich-Gittas-verkstad.jpg\",\"width\":1680,\"height\":400,\"caption\":\"Gitta sitzt drau\u00dfen am Tisch und bemalt Holzelche\"},{\"@type\":\"BreadcrumbList\",\"@id\":\"https:\\\/\\\/www.gittas-verkstad.com\\\/de\\\/ueber-mich\\\/#breadcrumb\",\"itemListElement\":[{\"@type\":\"ListItem\",\"position\":1,\"name\":\"Startseite\",\"item\":\"https:\\\/\\\/www.gittas-verkstad.com\\\/de\\\/\"},{\"@type\":\"ListItem\",\"position\":2,\"name\":\"\u00dcber mich\"}]},{\"@type\":\"WebSite\",\"@id\":\"https:\\\/\\\/www.gittas-verkstad.com\\\/de\\\/#website\",\"url\":\"https:\\\/\\\/www.gittas-verkstad.com\\\/de\\\/\",\"name\":\"Gittas verkstad\",\"description\":\"Gitta betreibt in Lennartsfors eine Werkstatt f\u00fcr Weben, Kunst und Design. Ihre Produkte verkauft sie in ihrer Gallerie auf Gjut\u00e5s am Dalslands Kanal.\",\"publisher\":{\"@id\":\"https:\\\/\\\/www.gittas-verkstad.com\\\/de\\\/#organization\"},\"potentialAction\":[{\"@type\":\"SearchAction\",\"target\":{\"@type\":\"EntryPoint\",\"urlTemplate\":\"https:\\\/\\\/www.gittas-verkstad.com\\\/de\\\/?s={search_term_string}\"},\"query-input\":{\"@type\":\"PropertyValueSpecification\",\"valueRequired\":true,\"valueName\":\"search_term_string\"}}],\"inLanguage\":\"de\"},{\"@type\":\"Organization\",\"@id\":\"https:\\\/\\\/www.gittas-verkstad.com\\\/de\\\/#organization\",\"name\":\"Gittas verkstad\",\"url\":\"https:\\\/\\\/www.gittas-verkstad.com\\\/de\\\/\",\"logo\":{\"@type\":\"ImageObject\",\"inLanguage\":\"de\",\"@id\":\"https:\\\/\\\/www.gittas-verkstad.com\\\/de\\\/#\\\/schema\\\/logo\\\/image\\\/\",\"url\":\"https:\\\/\\\/www.gittas-verkstad.com\\\/de\\\/wp-content\\\/uploads\\\/sites\\\/8\\\/2018\\\/04\\\/Gittas-verkstad-logo.jpg\",\"contentUrl\":\"https:\\\/\\\/www.gittas-verkstad.com\\\/de\\\/wp-content\\\/uploads\\\/sites\\\/8\\\/2018\\\/04\\\/Gittas-verkstad-logo.jpg\",\"width\":617,\"height\":146,\"caption\":\"Gittas verkstad\"},\"image\":{\"@id\":\"https:\\\/\\\/www.gittas-verkstad.com\\\/de\\\/#\\\/schema\\\/logo\\\/image\\\/\"},\"sameAs\":[\"https:\\\/\\\/www.facebook.com\\\/gittasverkstad\\\/\"]}]}<\/script>\n<!-- \/ Yoast SEO plugin. -->","yoast_head_json":{"title":"\u00dcber mich: Das Arbeiten mit Stoffen, Farben und Materialien","description":"\u00dcber mich: Das Arbeiten mit Stoffen, Farben und Materialien begleitet mich, seit ich denken kann und durchzieht mein Leben wie ein roter","robots":{"index":"index","follow":"follow","max-snippet":"max-snippet:-1","max-image-preview":"max-image-preview:large","max-video-preview":"max-video-preview:-1"},"canonical":"https:\/\/www.gittas-verkstad.com\/de\/ueber-mich\/","og_locale":"de_DE","og_type":"article","og_title":"\u00dcber mich: Das Arbeiten mit Stoffen, Farben und Materialien","og_description":"\u00dcber mich: Das Arbeiten mit Stoffen, Farben und Materialien begleitet mich, seit ich denken kann und durchzieht mein Leben wie ein roter","og_url":"https:\/\/www.gittas-verkstad.com\/de\/ueber-mich\/","og_site_name":"Gittas verkstad Weben, Kunst, Design \/ de \/ Lennartsfors","article_publisher":"https:\/\/www.facebook.com\/gittasverkstad\/","article_modified_time":"2026-04-15T16:40:33+00:00","og_image":[{"width":1680,"height":400,"url":"https:\/\/www.gittas-verkstad.com\/de\/wp-content\/uploads\/sites\/8\/2021\/01\/das-bin-ich-Gittas-verkstad.jpg","type":"image\/jpeg"}],"twitter_card":"summary_large_image","twitter_misc":{"Gesch\u00e4tzte Lesezeit":"5\u00a0Minuten"},"schema":{"@context":"https:\/\/schema.org","@graph":[{"@type":"WebPage","@id":"https:\/\/www.gittas-verkstad.com\/de\/ueber-mich\/","url":"https:\/\/www.gittas-verkstad.com\/de\/ueber-mich\/","name":"\u00dcber mich: Das Arbeiten mit Stoffen, Farben und Materialien","isPartOf":{"@id":"https:\/\/www.gittas-verkstad.com\/de\/#website"},"primaryImageOfPage":{"@id":"https:\/\/www.gittas-verkstad.com\/de\/ueber-mich\/#primaryimage"},"image":{"@id":"https:\/\/www.gittas-verkstad.com\/de\/ueber-mich\/#primaryimage"},"thumbnailUrl":"https:\/\/www.gittas-verkstad.com\/de\/wp-content\/uploads\/sites\/8\/2021\/01\/das-bin-ich-Gittas-verkstad.jpg","datePublished":"2026-03-15T20:10:04+00:00","dateModified":"2026-04-15T16:40:33+00:00","description":"\u00dcber mich: Das Arbeiten mit Stoffen, Farben und Materialien begleitet mich, seit ich denken kann und durchzieht mein Leben wie ein roter","breadcrumb":{"@id":"https:\/\/www.gittas-verkstad.com\/de\/ueber-mich\/#breadcrumb"},"inLanguage":"de","potentialAction":[{"@type":"ReadAction","target":["https:\/\/www.gittas-verkstad.com\/de\/ueber-mich\/"]}]},{"@type":"ImageObject","inLanguage":"de","@id":"https:\/\/www.gittas-verkstad.com\/de\/ueber-mich\/#primaryimage","url":"https:\/\/www.gittas-verkstad.com\/de\/wp-content\/uploads\/sites\/8\/2021\/01\/das-bin-ich-Gittas-verkstad.jpg","contentUrl":"https:\/\/www.gittas-verkstad.com\/de\/wp-content\/uploads\/sites\/8\/2021\/01\/das-bin-ich-Gittas-verkstad.jpg","width":1680,"height":400,"caption":"Gitta sitzt drau\u00dfen am Tisch und bemalt Holzelche"},{"@type":"BreadcrumbList","@id":"https:\/\/www.gittas-verkstad.com\/de\/ueber-mich\/#breadcrumb","itemListElement":[{"@type":"ListItem","position":1,"name":"Startseite","item":"https:\/\/www.gittas-verkstad.com\/de\/"},{"@type":"ListItem","position":2,"name":"\u00dcber mich"}]},{"@type":"WebSite","@id":"https:\/\/www.gittas-verkstad.com\/de\/#website","url":"https:\/\/www.gittas-verkstad.com\/de\/","name":"Gittas verkstad","description":"Gitta betreibt in Lennartsfors eine Werkstatt f\u00fcr Weben, Kunst und Design. Ihre Produkte verkauft sie in ihrer Gallerie auf Gjut\u00e5s am Dalslands Kanal.","publisher":{"@id":"https:\/\/www.gittas-verkstad.com\/de\/#organization"},"potentialAction":[{"@type":"SearchAction","target":{"@type":"EntryPoint","urlTemplate":"https:\/\/www.gittas-verkstad.com\/de\/?s={search_term_string}"},"query-input":{"@type":"PropertyValueSpecification","valueRequired":true,"valueName":"search_term_string"}}],"inLanguage":"de"},{"@type":"Organization","@id":"https:\/\/www.gittas-verkstad.com\/de\/#organization","name":"Gittas verkstad","url":"https:\/\/www.gittas-verkstad.com\/de\/","logo":{"@type":"ImageObject","inLanguage":"de","@id":"https:\/\/www.gittas-verkstad.com\/de\/#\/schema\/logo\/image\/","url":"https:\/\/www.gittas-verkstad.com\/de\/wp-content\/uploads\/sites\/8\/2018\/04\/Gittas-verkstad-logo.jpg","contentUrl":"https:\/\/www.gittas-verkstad.com\/de\/wp-content\/uploads\/sites\/8\/2018\/04\/Gittas-verkstad-logo.jpg","width":617,"height":146,"caption":"Gittas verkstad"},"image":{"@id":"https:\/\/www.gittas-verkstad.com\/de\/#\/schema\/logo\/image\/"},"sameAs":["https:\/\/www.facebook.com\/gittasverkstad\/"]}]}},"_links":{"self":[{"href":"https:\/\/www.gittas-verkstad.com\/de\/wp-json\/wp\/v2\/pages\/27","targetHints":{"allow":["GET"]}}],"collection":[{"href":"https:\/\/www.gittas-verkstad.com\/de\/wp-json\/wp\/v2\/pages"}],"about":[{"href":"https:\/\/www.gittas-verkstad.com\/de\/wp-json\/wp\/v2\/types\/page"}],"author":[{"embeddable":true,"href":"https:\/\/www.gittas-verkstad.com\/de\/wp-json\/wp\/v2\/users\/1"}],"replies":[{"embeddable":true,"href":"https:\/\/www.gittas-verkstad.com\/de\/wp-json\/wp\/v2\/comments?post=27"}],"version-history":[{"count":66,"href":"https:\/\/www.gittas-verkstad.com\/de\/wp-json\/wp\/v2\/pages\/27\/revisions"}],"predecessor-version":[{"id":2871,"href":"https:\/\/www.gittas-verkstad.com\/de\/wp-json\/wp\/v2\/pages\/27\/revisions\/2871"}],"wp:featuredmedia":[{"embeddable":true,"href":"https:\/\/www.gittas-verkstad.com\/de\/wp-json\/wp\/v2\/media\/1901"}],"wp:attachment":[{"href":"https:\/\/www.gittas-verkstad.com\/de\/wp-json\/wp\/v2\/media?parent=27"}],"curies":[{"name":"wp","href":"https:\/\/api.w.org\/{rel}","templated":true}]}}